{"id":689,"date":"2020-08-07T17:08:23","date_gmt":"2020-08-07T17:08:23","guid":{"rendered":"https:\/\/jupiterorbis.pt\/?page_id=689"},"modified":"2022-09-12T14:57:00","modified_gmt":"2022-09-12T14:57:00","slug":"privacy-policy","status":"publish","type":"page","link":"https:\/\/jupiterorbis.pt\/es\/privacy-policy\/","title":{"rendered":"Politica de Privacidad"},"content":{"rendered":"<p>[et_pb_section fb_built=\u00bb1&#8243; _builder_version=\u00bb4.16&#8243; global_colors_info=\u00bb{}\u00bb][et_pb_row _builder_version=\u00bb4.16&#8243; background_size=\u00bbinitial\u00bb background_position=\u00bbtop_left\u00bb background_repeat=\u00bbrepeat\u00bb global_colors_info=\u00bb{}\u00bb][et_pb_column type=\u00bb4_4&#8243; _builder_version=\u00bb4.16&#8243; custom_padding=\u00bb|||\u00bb global_colors_info=\u00bb{}\u00bb custom_padding__hover=\u00bb|||\u00bb][et_pb_text _builder_version=\u00bb4.18.0&#8243; text_text_color=\u00bb#ffffff\u00bb header_text_align=\u00bbcenter\u00bb header_2_font=\u00bbMontserrat|300||on|||||\u00bb header_2_text_align=\u00bbcenter\u00bb header_2_text_color=\u00bb#f48200&#8243; header_2_letter_spacing=\u00bb1px\u00bb header_3_text_color=\u00bb#ffffff\u00bb header_3_font_size=\u00bb20px\u00bb background_size=\u00bbinitial\u00bb background_position=\u00bbtop_left\u00bb background_repeat=\u00bbrepeat\u00bb custom_padding=\u00bb8px|||||\u00bb global_colors_info=\u00bb{}\u00bb]<!-- divi:heading --><\/p>\n<h2>POLITICA DE PRIVACIDAD<\/h2>\n<p>Con la entrada en vigor del nuevo Reglamento General de Protecci\u00f3n de Datos (RGPD), venimos dar a conocer nuestras pr\u00e1cticas de privacidad y las opciones disponibles para la forma en que se recogen y utilizan.<\/p>\n<p>&nbsp;<\/p>\n<p><b>1. \u00bfQu\u00e9 informaci\u00f3n recopilamos?<\/b><\/p>\n<p>Solicitamos informaci\u00f3n de identificaci\u00f3n cuando solicita un servicio, responde a un cuestionario, intercambia correspondencia con nosotros o participa en determinadas otras actividades.<br \/>Si no desea proporcionar las informaciones personales solicitadas, ser\u00e1 posible que no pueda completar la transacci\u00f3n pretendida.<br \/>De la misma forma, cuando visita nuestras p\u00e1ginas web, recogemos informaci\u00f3n conocida como \u201cclickstreams\u201d (direcci\u00f3n IP, nombre del dominio, etc.). Esta informaci\u00f3n, combinada con los datos que nos ha proporcionado, nos permite personalizar mejor sus visitas.<\/p>\n<p>&nbsp;<\/p>\n<p><b>2. \u00bfCon qu\u00e9 finalidad usamos la informaci\u00f3n que recogemos?<\/b><\/p>\n<p>&#8211; Para proporcionarle informaci\u00f3n sobre actualizaciones de inmuebles, nuevos inmuebles, boletines informativos y correos electr\u00f3nicos.<br \/>&#8211; Para proporcionarle m\u00e1s informaci\u00f3n que pueda ser de su inter\u00e9s.<\/p>\n<p>&nbsp;<\/p>\n<p><b>3. \u00bfC\u00f3mo protegemos su informaci\u00f3n personal?<\/b><\/p>\n<p>Para garantizar la seguridad de su informaci\u00f3n personal, establecemos una serie de medidas de seguridad y protecciones. Su informaci\u00f3n personal se almacena en redes seguras, a pesar de estas medidas, cuando proporciona informaci\u00f3n personal en Internet existe siempre un riesgo de que puedan ser interceptadas y usadas por terceros fuera de nuestro control. Hacemos todo lo posible para proteger su informaci\u00f3n personal y su privacidad, sin embargo, no podemos garantizar la seguridad de la informaci\u00f3n que faculte a trav\u00e9s de Internet.<\/p>\n<p>&nbsp;<\/p>\n<p><b>4. \u00bfQui\u00e9n tiene acceso a esa informaci\u00f3n personal y hasta qu\u00e9 punto?<\/b><\/p>\n<p>Adem\u00e1s de nuestra empresa y para los efectos arriba descritos, no vendemos, intercambiamos o transferimos a terceros su informaci\u00f3n personal de forma alguna. Sin embargo, su informaci\u00f3n personal puede darse a conocer a las empresas por nosotros subcontratadas para la realizaci\u00f3n de determinados servicios. Tambi\u00e9n pueden utilizarse para proporcionar asistencia t\u00e9cnica. En todo caso, exigimos que dichas empresas subcontratistas mantengan la informaci\u00f3n personal de nuestros clientes segura y confidencial. Exigimos tambi\u00e9n que estos proveedores usen la informaci\u00f3n personal s\u00f3lo em nombre de JUPITERORBIS, UNIPESSOAL, LDA AMI: 17738. En todo momento, puede optar por no compartir su informaci\u00f3n personal con terceros. Esta solicitud puede realizarse a trav\u00e9s de la secci\u00f3n de contactos de nuestra p\u00e1gina web o mediante el env\u00edo de un email.<\/p>\n<p>&nbsp;<\/p>\n<p><b>5. Enlaces \/ Cookies<\/b><\/p>\n<p>Con el fin de mejorar los servicios ofrecidos, podremos incluir enlaces a p\u00e1ginas web de terceros. La JUPITERORBIS, UNIPESSOAL, LDA AMI: 17738 no se responsabiliza por las pr\u00e1cticas de privacidad de estas p\u00e1ginas web.<br \/>Las p\u00e1ginas web de JUPITERORBIS, UNIPESSOAL, LDA AMI: 17738 podr\u00e1n utilizar la tecnolog\u00eda ampliamente conocida en la industria como \u201ccookies\u201d. Una cookie consiste en un archivo de texto \u00fanico que una p\u00e1gina web env\u00eda al software de su navegador (browser). Si no desea que instalemos cookies en su navegador (browser), puede definir el mismo para rechazar las cookies. El rechazo de cookies puede afectar su capacidad para utilizar algunos de los servicios en nuestras p\u00e1ginas web.<br \/>La JUPITERORBIS, UNIPESSOAL, LDA AMI: 17738 tambi\u00e9n utiliza cookies para rastrear las visitas a nuestras p\u00e1ginas web. La informaci\u00f3n recogida de esta forma nos ayuda a optimizar el contenido de las p\u00e1ginas web, la navegaci\u00f3n en las mismas y su rendimiento.<\/p>\n<p>&nbsp;<\/p>\n<p><b>6. Cambios en la pol\u00edtica de privacidad<\/b><\/p>\n<p>En el futuro, podremos optar por modificar o cambiar la pol\u00edtica de privacidad aqu\u00ed descrita, ya sea debido a cambios en la legislaci\u00f3n vigente o para incluir nuevos desarrollos de la Internet. Por este motivo, nos reservamos el derecho de efectuar cualquier cambio y recomendamos que visite nuestra p\u00e1gina web regularmente para que tenga conocimiento de los cambios que puedan existir.<\/p>\n<p>&nbsp;<\/p>\n<p><b>7. \u00bfQui\u00e9n administra la informaci\u00f3n personal?<\/b><\/p>\n<p>Tanto nuestras p\u00e1ginas web y la informaci\u00f3n por ellas recogidas, son gestionadas y controladas por la JUPITERORBIS, UNIPESSOAL, LDA AMI: 17738. La JUPITERORBIS, UNIPESSOAL, LDA AMI: 17738 tiene sus servidores ubicados en Portugal, ofreciendo las garant\u00edas suficientes para la protecci\u00f3n de su informaci\u00f3n personal. Esta informaci\u00f3n es administrada de acuerdo con la legislaci\u00f3n actual vigente sobre protecci\u00f3n de la informaci\u00f3n personal, as\u00ed como esta pol\u00edtica de privacidad.<\/p>\n<p>&nbsp;<\/p>\n<p><b>8. Cont\u00e1ctenos<\/b><\/p>\n<p>Para todo tipo de pregunta relativa a esta pol\u00edtica de privacidad, aspectos de privacidad de nuestros productos y servicios, o para hacer alg\u00fan tipo de reclamaci\u00f3n, por favor contacte con:<br \/>JUPITERORBIS, UNIPESSOAL, LDA AMI: 17738<br \/>RUA TE\u00d3FILO CARVALHO DOS SANTOS, 8, 1\u00ba ESQ., 1600-773<br \/>\u00a0+351 918 866 278<br \/>geral@jupiterorbis.pt<\/p>\n<p>&nbsp;<\/p>\n<p>Actualizado a 08 <span>de Setembro <\/span>de 2022<\/p>\n<p>&nbsp;<\/p>\n<p><!-- \/divi:heading -->[\/et_pb_text][\/et_pb_column][\/et_pb_row][\/et_pb_section][et_pb_section fb_built=\u00bb1&#8243; _builder_version=\u00bb4.18.0&#8243; _module_preset=\u00bbdefault\u00bb hover_enabled=\u00bb0&#8243; global_colors_info=\u00bb{}\u00bb background_color=\u00bb#FFFFFF\u00bb sticky_enabled=\u00bb0&#8243;][et_pb_row column_structure=\u00bb1_5,1_5,1_5,1_5,1_5&#8243; _builder_version=\u00bb4.16&#8243; _module_preset=\u00bbdefault\u00bb global_colors_info=\u00bb{}\u00bb][et_pb_column type=\u00bb1_5&#8243; _builder_version=\u00bb4.16&#8243; _module_preset=\u00bbdefault\u00bb global_colors_info=\u00bb{}\u00bb][et_pb_text _builder_version=\u00bb4.16&#8243; _module_preset=\u00bbdefault\u00bb header_6_font=\u00bb|||on|||||\u00bb header_6_font_size=\u00bb11px\u00bb border_width_bottom=\u00bb1px\u00bb border_color_bottom=\u00bb#F6901E\u00bb global_colors_info=\u00bb{}\u00bb]<\/p>\n<h6>Jupiterorbis<\/h6>\n<p>[\/et_pb_text][et_pb_text _builder_version=\u00bb4.16&#8243; _module_preset=\u00bbdefault\u00bb text_font_size=\u00bb10px\u00bb text_line_height=\u00bb1.6em\u00bb custom_margin=\u00bb-11px|||||\u00bb global_colors_info=\u00bb{}\u00bb]<\/p>\n<p>Jupiterorbis es formada por un equipo con experiencia en el Mercado Nacional e Internacional, que le ayudar\u00e1 a encontrar la propiedad y la inversi\u00f3n perfecta.<\/p>\n<p>[\/et_pb_text][\/et_pb_column][et_pb_column type=\u00bb1_5&#8243; _builder_version=\u00bb4.16&#8243; _module_preset=\u00bbdefault\u00bb global_colors_info=\u00bb{}\u00bb][et_pb_text _builder_version=\u00bb4.16&#8243; _module_preset=\u00bbdefault\u00bb header_6_font=\u00bb|||on|||||\u00bb header_6_font_size=\u00bb11px\u00bb border_width_bottom=\u00bb1px\u00bb border_color_bottom=\u00bb#F6901E\u00bb global_colors_info=\u00bb{}\u00bb]<\/p>\n<h6>Recursos<\/h6>\n<p>[\/et_pb_text][et_pb_text _builder_version=\u00bb4.16&#8243; _module_preset=\u00bbdefault\u00bb text_font_size=\u00bb10px\u00bb text_line_height=\u00bb1.6em\u00bb custom_margin=\u00bb-11px|||||\u00bb global_colors_info=\u00bb{}\u00bb]<\/p>\n<p><a href=\"https:\/\/jupiterorbis.pt\/es\/privacy-policy\/?\">Pol\u00edtica de Privacidade<\/a><\/p>\n<p>[\/et_pb_text][\/et_pb_column][et_pb_column type=\u00bb1_5&#8243; _builder_version=\u00bb4.16&#8243; _module_preset=\u00bbdefault\u00bb global_colors_info=\u00bb{}\u00bb][et_pb_text _builder_version=\u00bb4.16&#8243; _module_preset=\u00bbdefault\u00bb header_6_font=\u00bb|||on|||||\u00bb header_6_font_size=\u00bb11px\u00bb border_width_bottom=\u00bb1px\u00bb border_color_bottom=\u00bb#F6901E\u00bb global_colors_info=\u00bb{}\u00bb]<\/p>\n<h6>Contactos<\/h6>\n<p>[\/et_pb_text][et_pb_text _builder_version=\u00bb4.16&#8243; _module_preset=\u00bbdefault\u00bb text_font_size=\u00bb10px\u00bb text_line_height=\u00bb1.6em\u00bb custom_margin=\u00bb-11px|||||\u00bb global_colors_info=\u00bb{}\u00bb]+351 918 866 278<\/p>\n<p>geral@jupiterorbis.pt[\/et_pb_text][\/et_pb_column][et_pb_column type=\u00bb1_5&#8243; _builder_version=\u00bb4.16&#8243; _module_preset=\u00bbdefault\u00bb global_colors_info=\u00bb{}\u00bb][\/et_pb_column][et_pb_column type=\u00bb1_5&#8243; _builder_version=\u00bb4.16&#8243; _module_preset=\u00bbdefault\u00bb global_colors_info=\u00bb{}\u00bb][\/et_pb_column][\/et_pb_row][\/et_pb_section][et_pb_section fb_built=\u00bb1&#8243; _builder_version=\u00bb4.5.1&#8243; _module_preset=\u00bbdefault\u00bb custom_padding=\u00bb40px||19px|||\u00bb box_shadow_style=\u00bbpreset2&#8243; box_shadow_blur=\u00bb12px\u00bb global_module=\u00bb105&#8243; saved_tabs=\u00bball\u00bb global_colors_info=\u00bb{}\u00bb][et_pb_row column_structure=\u00bb1_2,1_2&#8243; _builder_version=\u00bb4.16&#8243; _module_preset=\u00bbdefault\u00bb width=\u00bb100%\u00bb max_width=\u00bb1300px\u00bb custom_padding=\u00bb4px||0px|||\u00bb global_colors_info=\u00bb{}\u00bb][et_pb_column type=\u00bb1_2&#8243; _builder_version=\u00bb4.16&#8243; _module_preset=\u00bbdefault\u00bb global_colors_info=\u00bb{}\u00bb][et_pb_social_media_follow _builder_version=\u00bb4.16&#8243; _module_preset=\u00bbdefault\u00bb text_orientation=\u00bbleft\u00bb global_colors_info=\u00bb{}\u00bb][et_pb_social_media_follow_network social_network=\u00bbfacebook\u00bb icon_color=\u00bb#F6901E\u00bb use_icon_font_size=\u00bbon\u00bb icon_font_size=\u00bb13px\u00bb _builder_version=\u00bb4.16&#8243; _module_preset=\u00bbdefault\u00bb background_color=\u00bbrgba(0,0,0,0)\u00bb background_enable_color=\u00bbon\u00bb global_colors_info=\u00bb{}\u00bb follow_button=\u00bboff\u00bb url_new_window=\u00bbon\u00bb]facebook[\/et_pb_social_media_follow_network][et_pb_social_media_follow_network social_network=\u00bbinstagram\u00bb icon_color=\u00bb#F6901E\u00bb use_icon_font_size=\u00bbon\u00bb icon_font_size=\u00bb13px\u00bb _builder_version=\u00bb4.16&#8243; _module_preset=\u00bbdefault\u00bb background_color=\u00bbrgba(0,0,0,0)\u00bb background_enable_color=\u00bbon\u00bb global_colors_info=\u00bb{}\u00bb follow_button=\u00bboff\u00bb url_new_window=\u00bbon\u00bb]instagram[\/et_pb_social_media_follow_network][et_pb_social_media_follow_network social_network=\u00bblinkedin\u00bb icon_color=\u00bb#f48200&#8243; _builder_version=\u00bb4.16&#8243; _module_preset=\u00bbdefault\u00bb background_color=\u00bbrgba(0,0,0,0)\u00bb background_enable_color=\u00bbon\u00bb global_colors_info=\u00bb{}\u00bb follow_button=\u00bboff\u00bb url_new_window=\u00bbon\u00bb]linkedin[\/et_pb_social_media_follow_network][\/et_pb_social_media_follow][\/et_pb_column][et_pb_column type=\u00bb1_2&#8243; _builder_version=\u00bb4.16&#8243; _module_preset=\u00bbdefault\u00bb global_colors_info=\u00bb{}\u00bb][et_pb_text _builder_version=\u00bb4.16&#8243; _module_preset=\u00bbdefault\u00bb text_font_size=\u00bb9px\u00bb text_orientation=\u00bbright\u00bb global_colors_info=\u00bb{}\u00bb]<\/p>\n<p>Copyright\u00a0\u00a9 | Jupiterorbis\u00a0 2020<\/p>\n<p>[\/et_pb_text][\/et_pb_column][\/et_pb_row][\/et_pb_section]<\/p>\n","protected":false},"excerpt":{"rendered":"<p>POLITICA DE PRIVACIDAD Con la entrada en vigor del nuevo Reglamento General de Protecci\u00f3n de Datos (RGPD), venimos dar a conocer nuestras pr\u00e1cticas de privacidad y las opciones disponibles para la forma en que se recogen y utilizan. &nbsp; 1. \u00bfQu\u00e9 informaci\u00f3n recopilamos? Solicitamos informaci\u00f3n de identificaci\u00f3n cuando solicita un servicio, responde a un cuestionario, [&hellip;]<\/p>\n","protected":false},"author":1,"featured_media":0,"parent":0,"menu_order":0,"comment_status":"closed","ping_status":"closed","template":"","meta":{"_et_pb_use_builder":"on","_et_pb_old_content":"[et_pb_section fb_built=\"1\" _builder_version=\"4.5.1\" hover_enabled=\"0\" background_color=\"#003049\"][et_pb_row _builder_version=\"3.25\" background_size=\"initial\" background_position=\"top_left\" background_repeat=\"repeat\"][et_pb_column type=\"4_4\" _builder_version=\"3.25\" custom_padding=\"|||\" custom_padding__hover=\"|||\"][et_pb_text _builder_version=\"4.5.1\" background_size=\"initial\" background_position=\"top_left\" background_repeat=\"repeat\" hover_enabled=\"0\" text_text_color=\"#ffffff\" header_2_text_color=\"#f48200\" header_text_align=\"center\" header_2_text_align=\"center\" header_3_text_color=\"#ffffff\" header_2_font=\"Montserrat|300||on|||||\" header_2_letter_spacing=\"1px\" header_3_font_size=\"20px\"]<!-- divi:heading -->\n<h2>Pol\u00edtica de Privacidade&nbsp; e Termos de Utiliza\u00e7\u00e3o<\/h2>\n&nbsp;\n\nEste site pertence \u00e0 Jupiterorbis, Lda. Acreditamos no respeito \u00e0 privacidade dos utilizadores do nosso site, pelo que pedimos que leiam atentamente a nossa Pol\u00edtica de Privacidade e Termos de Utiliza\u00e7\u00e3o.\n\nEsta pol\u00edtica de privacidade determina os princ\u00edpios seguidos pela JUPITERORBIS relativamente \u00e0 utiliza\u00e7\u00e3o de informa\u00e7\u00f5es pessoais e n\u00e3o pessoais que possamos obter dos nossos utilizadores. Ao proceder \u00e0 navega\u00e7\u00e3o do site, est\u00e1 a concordar com as respectivas Pol\u00edtica e Termos. Alertamos para o facto de que a presente pol\u00edtica poder\u00e1 ser alterada espor\u00e1dicamente, pelo que \u00e9 da responsabilidade do utilizador manter-se a par das actualiza\u00e7\u00f5es sempre que visita o site.\n\n&nbsp;\n<h3>Pol\u00edtica de Cookies<\/h3>\nOs Cookies s\u00e3o pequenos ficheiros armazenados no Disco R\u00edgido do seu computador atrav\u00e9s do navegador web que utiliza. Estes ficheiros permitem que algumas informa\u00e7\u00f5es relacionadas \u00e0s suas prefer\u00eancias de navega\u00e7\u00e3o n\u00e3o se percam cada vez que aceder a uma nova p\u00e1gina do nosso site, proporcionando uma experi\u00eancia de navega\u00e7\u00e3o mais r\u00e1pida. Os cookies n\u00e3o podem ser utilizados para o identificar, e o utilizador poder\u00e1 sempre apagar estes ficheiros quando desejar atrav\u00e9s das ferramentas do seu navegador.\n<h3><\/h3>\n<h3>Seguran\u00e7a de Dados Pessoais<\/h3>\nA JUPITERORBIS implementa medidas de protec\u00e7\u00e3o de dados internas de modo a proteger a sua informa\u00e7\u00e3o. Nenhuma informa\u00e7\u00e3o pessoal \u00e9 divulgada por n\u00f3s a terceiros sem consentimento claro. Qualquer brecha de seguran\u00e7a que possa por em risco as informa\u00e7\u00f5es pessoais em nossa posse ser\u00e1 informada a todos os utilizadores.\n<h3><\/h3>\n<h3>Acesso \u00e0 Informa\u00e7\u00e3o Pessoal<\/h3>\nTodos os utilizadores do nosso site, bem como qualquer indiv\u00edduo que nos tenha fornecido dados de identifica\u00e7\u00e3o pessoal voluntariamente, poder\u00e1 sempre requerer o envio de uma c\u00f3pia dessa informa\u00e7\u00e3o, ou mesmo a elimina\u00e7\u00e3o da mesma das nossas bases de dados. Para proceder a qualquer um destes pedidos, por favor n\u00e3o hesite em contactar-nos por escrito por correio electr\u00f3nico ou f\u00edsico.\n\n&nbsp;\n\nActualizado a 16 Julho de 2020\n\n<!-- \/divi:heading -->[\/et_pb_text][\/et_pb_column][\/et_pb_row][\/et_pb_section][et_pb_section fb_built=\"1\" _builder_version=\"4.5.1\" _module_preset=\"default\" global_module=\"104\"][et_pb_row column_structure=\"1_5,1_5,1_5,1_5,1_5\" _builder_version=\"4.5.1\" _module_preset=\"default\"][et_pb_column type=\"1_5\" _builder_version=\"4.5.1\" _module_preset=\"default\"][et_pb_text _builder_version=\"4.5.1\" _module_preset=\"default\" header_6_font=\"|||on|||||\" header_6_font_size=\"11px\" border_width_bottom=\"1px\" border_color_bottom=\"#F6901E\"]\n<h6>Jupiterorbis<\/h6>\n[\/et_pb_text][et_pb_text _builder_version=\"4.5.1\" _module_preset=\"default\" text_font_size=\"10px\" text_line_height=\"1.6em\" custom_margin=\"-11px|||||\"]\n\nA Jupiterorbis \u00e9 constitu\u00edda por uma equipa experiente no Mercado Nacional e Internacional, que o ir\u00e1 ajudar a encontrar a propriedade e investimento perfeito.\n\n[\/et_pb_text][\/et_pb_column][et_pb_column type=\"1_5\" _builder_version=\"4.5.1\" _module_preset=\"default\"][et_pb_text _builder_version=\"4.5.1\" _module_preset=\"default\" header_6_font=\"|||on|||||\" header_6_font_size=\"11px\" border_width_bottom=\"1px\" border_color_bottom=\"#F6901E\"]\n<h6>Recursos<\/h6>\n[\/et_pb_text][et_pb_text _builder_version=\"4.5.1\" _module_preset=\"default\" text_font_size=\"10px\" text_line_height=\"1.6em\" custom_margin=\"-11px|||||\"]\n\nPol\u00edtica de Privacidade\n\n[\/et_pb_text][\/et_pb_column][et_pb_column type=\"1_5\" _builder_version=\"4.5.1\" _module_preset=\"default\"][et_pb_text _builder_version=\"4.5.1\" _module_preset=\"default\" header_6_font=\"|||on|||||\" header_6_font_size=\"11px\" border_width_bottom=\"1px\" border_color_bottom=\"#F6901E\"]\n<h6>Contactos<\/h6>\n[\/et_pb_text][et_pb_text _builder_version=\"4.5.1\" _module_preset=\"default\" text_font_size=\"10px\" text_line_height=\"1.6em\" custom_margin=\"-11px|||||\"]\n\n+351 918 866 278\n\ngeral@jupiterorbis.pt\n\n[\/et_pb_text][\/et_pb_column][et_pb_column type=\"1_5\" _builder_version=\"4.5.1\" _module_preset=\"default\"][\/et_pb_column][et_pb_column type=\"1_5\" _builder_version=\"4.5.1\" _module_preset=\"default\"][\/et_pb_column][\/et_pb_row][\/et_pb_section][et_pb_section fb_built=\"1\" _builder_version=\"4.5.1\" _module_preset=\"default\" custom_padding=\"40px||19px|||\" box_shadow_style=\"preset2\" box_shadow_blur=\"12px\" global_module=\"105\"][et_pb_row column_structure=\"1_2,1_2\" _builder_version=\"4.5.1\" _module_preset=\"default\" width=\"100%\" max_width=\"1300px\" custom_padding=\"4px||0px|||\"][et_pb_column type=\"1_2\" _builder_version=\"4.5.1\" _module_preset=\"default\"][et_pb_social_media_follow _builder_version=\"4.5.1\" _module_preset=\"default\" text_orientation=\"left\"][et_pb_social_media_follow_network social_network=\"facebook\" icon_color=\"#F6901E\" use_icon_font_size=\"on\" icon_font_size=\"13px\" _builder_version=\"4.5.1\" _module_preset=\"default\" background_color=\"rgba(0,0,0,0)\" background_enable_color=\"on\" follow_button=\"off\" url_new_window=\"on\"]facebook[\/et_pb_social_media_follow_network][et_pb_social_media_follow_network social_network=\"instagram\" icon_color=\"#F6901E\" use_icon_font_size=\"on\" icon_font_size=\"13px\" _builder_version=\"4.5.1\" _module_preset=\"default\" background_color=\"rgba(0,0,0,0)\" background_enable_color=\"on\" follow_button=\"off\" url_new_window=\"on\"]instagram[\/et_pb_social_media_follow_network][et_pb_social_media_follow_network social_network=\"linkedin\" icon_color=\"#f48200\" _builder_version=\"4.5.1\" _module_preset=\"default\" background_color=\"rgba(0,0,0,0)\" background_enable_color=\"on\" follow_button=\"off\" url_new_window=\"on\"]linkedin[\/et_pb_social_media_follow_network][\/et_pb_social_media_follow][\/et_pb_column][et_pb_column type=\"1_2\" _builder_version=\"4.5.1\" _module_preset=\"default\"][et_pb_text _builder_version=\"4.5.1\" _module_preset=\"default\" text_font_size=\"9px\" text_orientation=\"right\"]\n\nCopyright&nbsp;\u00a9 | Jupiterorbis&nbsp; 2020\n\n[\/et_pb_text][\/et_pb_column][\/et_pb_row][\/et_pb_section]","_et_gb_content_width":""},"yoast_head":"<!-- This site is optimized with the Yoast SEO plugin v19.6 - https:\/\/yoast.com\/wordpress\/plugins\/seo\/ -->\n<title>Politica de Privacidad - JUPITERORBIS - Properties &amp; Investments<\/title>\n<meta name=\"robots\" content=\"index, follow, max-snippet:-1, max-image-preview:large, max-video-preview:-1\" \/>\n<link rel=\"canonical\" href=\"https:\/\/jupiterorbis.pt\/es\/privacy-policy\/\" \/>\n<meta property=\"og:locale\" content=\"es_ES\" \/>\n<meta property=\"og:type\" content=\"article\" \/>\n<meta property=\"og:title\" content=\"Politica de Privacidad - JUPITERORBIS - Properties &amp; Investments\" \/>\n<meta property=\"og:description\" content=\"POLITICA DE PRIVACIDAD Con la entrada en vigor del nuevo Reglamento General de Protecci\u00f3n de Datos (RGPD), venimos dar a conocer nuestras pr\u00e1cticas de privacidad y las opciones disponibles para la forma en que se recogen y utilizan. &nbsp; 1. \u00bfQu\u00e9 informaci\u00f3n recopilamos? Solicitamos informaci\u00f3n de identificaci\u00f3n cuando solicita un servicio, responde a un cuestionario, [&hellip;]\" \/>\n<meta property=\"og:url\" content=\"https:\/\/jupiterorbis.pt\/es\/privacy-policy\/\" \/>\n<meta property=\"og:site_name\" content=\"JUPITERORBIS - Properties &amp; Investments\" \/>\n<meta property=\"article:publisher\" content=\"https:\/\/www.facebook.com\/jupiterorbis\" \/>\n<meta property=\"article:modified_time\" content=\"2022-09-12T14:57:00+00:00\" \/>\n<meta name=\"twitter:card\" content=\"summary_large_image\" \/>\n<meta name=\"twitter:label1\" content=\"Tiempo de lectura\" \/>\n\t<meta name=\"twitter:data1\" content=\"7 minutos\" \/>\n<script type=\"application\/ld+json\" class=\"yoast-schema-graph\">{\"@context\":\"https:\/\/schema.org\",\"@graph\":[{\"@type\":\"WebPage\",\"@id\":\"https:\/\/jupiterorbis.pt\/es\/privacy-policy\/\",\"url\":\"https:\/\/jupiterorbis.pt\/es\/privacy-policy\/\",\"name\":\"Politica de Privacidad - JUPITERORBIS - Properties &amp; Investments\",\"isPartOf\":{\"@id\":\"https:\/\/jupiterorbis.pt\/#website\"},\"datePublished\":\"2020-08-07T17:08:23+00:00\",\"dateModified\":\"2022-09-12T14:57:00+00:00\",\"breadcrumb\":{\"@id\":\"https:\/\/jupiterorbis.pt\/es\/privacy-policy\/#breadcrumb\"},\"inLanguage\":\"es\",\"potentialAction\":[{\"@type\":\"ReadAction\",\"target\":[\"https:\/\/jupiterorbis.pt\/es\/privacy-policy\/\"]}]},{\"@type\":\"BreadcrumbList\",\"@id\":\"https:\/\/jupiterorbis.pt\/es\/privacy-policy\/#breadcrumb\",\"itemListElement\":[{\"@type\":\"ListItem\",\"position\":1,\"name\":\"In\u00edcio\",\"item\":\"https:\/\/jupiterorbis.pt\/\"},{\"@type\":\"ListItem\",\"position\":2,\"name\":\"Politica de Privacidad\"}]},{\"@type\":\"WebSite\",\"@id\":\"https:\/\/jupiterorbis.pt\/#website\",\"url\":\"https:\/\/jupiterorbis.pt\/\",\"name\":\"JUPITERORBIS - Properties &amp; Investments\",\"description\":\"O seu parceiro ideal na media\u00e7\u00e3o imobili\u00e1ria e consultoria.\",\"potentialAction\":[{\"@type\":\"SearchAction\",\"target\":{\"@type\":\"EntryPoint\",\"urlTemplate\":\"https:\/\/jupiterorbis.pt\/?s={search_term_string}\"},\"query-input\":\"required name=search_term_string\"}],\"inLanguage\":\"es\"}]}<\/script>\n<!-- \/ Yoast SEO plugin. -->","yoast_head_json":{"title":"Politica de Privacidad - JUPITERORBIS - Properties &amp; Investments","robots":{"index":"index","follow":"follow","max-snippet":"max-snippet:-1","max-image-preview":"max-image-preview:large","max-video-preview":"max-video-preview:-1"},"canonical":"https:\/\/jupiterorbis.pt\/es\/privacy-policy\/","og_locale":"es_ES","og_type":"article","og_title":"Politica de Privacidad - JUPITERORBIS - Properties &amp; Investments","og_description":"POLITICA DE PRIVACIDAD Con la entrada en vigor del nuevo Reglamento General de Protecci\u00f3n de Datos (RGPD), venimos dar a conocer nuestras pr\u00e1cticas de privacidad y las opciones disponibles para la forma en que se recogen y utilizan. &nbsp; 1. \u00bfQu\u00e9 informaci\u00f3n recopilamos? Solicitamos informaci\u00f3n de identificaci\u00f3n cuando solicita un servicio, responde a un cuestionario, [&hellip;]","og_url":"https:\/\/jupiterorbis.pt\/es\/privacy-policy\/","og_site_name":"JUPITERORBIS - Properties &amp; Investments","article_publisher":"https:\/\/www.facebook.com\/jupiterorbis","article_modified_time":"2022-09-12T14:57:00+00:00","twitter_card":"summary_large_image","twitter_misc":{"Tiempo de lectura":"7 minutos"},"schema":{"@context":"https:\/\/schema.org","@graph":[{"@type":"WebPage","@id":"https:\/\/jupiterorbis.pt\/es\/privacy-policy\/","url":"https:\/\/jupiterorbis.pt\/es\/privacy-policy\/","name":"Politica de Privacidad - JUPITERORBIS - Properties &amp; Investments","isPartOf":{"@id":"https:\/\/jupiterorbis.pt\/#website"},"datePublished":"2020-08-07T17:08:23+00:00","dateModified":"2022-09-12T14:57:00+00:00","breadcrumb":{"@id":"https:\/\/jupiterorbis.pt\/es\/privacy-policy\/#breadcrumb"},"inLanguage":"es","potentialAction":[{"@type":"ReadAction","target":["https:\/\/jupiterorbis.pt\/es\/privacy-policy\/"]}]},{"@type":"BreadcrumbList","@id":"https:\/\/jupiterorbis.pt\/es\/privacy-policy\/#breadcrumb","itemListElement":[{"@type":"ListItem","position":1,"name":"In\u00edcio","item":"https:\/\/jupiterorbis.pt\/"},{"@type":"ListItem","position":2,"name":"Politica de Privacidad"}]},{"@type":"WebSite","@id":"https:\/\/jupiterorbis.pt\/#website","url":"https:\/\/jupiterorbis.pt\/","name":"JUPITERORBIS - Properties &amp; Investments","description":"O seu parceiro ideal na media\u00e7\u00e3o imobili\u00e1ria e consultoria.","potentialAction":[{"@type":"SearchAction","target":{"@type":"EntryPoint","urlTemplate":"https:\/\/jupiterorbis.pt\/?s={search_term_string}"},"query-input":"required name=search_term_string"}],"inLanguage":"es"}]}},"_links":{"self":[{"href":"https:\/\/jupiterorbis.pt\/es\/wp-json\/wp\/v2\/pages\/689"}],"collection":[{"href":"https:\/\/jupiterorbis.pt\/es\/wp-json\/wp\/v2\/pages"}],"about":[{"href":"https:\/\/jupiterorbis.pt\/es\/wp-json\/wp\/v2\/types\/page"}],"author":[{"embeddable":true,"href":"https:\/\/jupiterorbis.pt\/es\/wp-json\/wp\/v2\/users\/1"}],"replies":[{"embeddable":true,"href":"https:\/\/jupiterorbis.pt\/es\/wp-json\/wp\/v2\/comments?post=689"}],"version-history":[{"count":9,"href":"https:\/\/jupiterorbis.pt\/es\/wp-json\/wp\/v2\/pages\/689\/revisions"}],"predecessor-version":[{"id":2803,"href":"https:\/\/jupiterorbis.pt\/es\/wp-json\/wp\/v2\/pages\/689\/revisions\/2803"}],"wp:attachment":[{"href":"https:\/\/jupiterorbis.pt\/es\/wp-json\/wp\/v2\/media?parent=689"}],"curies":[{"name":"wp","href":"https:\/\/api.w.org\/{rel}","templated":true}]}}