{"id":506,"date":"2020-08-03T17:18:06","date_gmt":"2020-08-03T17:18:06","guid":{"rendered":"https:\/\/jupiterorbis.pt\/?page_id=506"},"modified":"2022-09-12T13:03:39","modified_gmt":"2022-09-12T13:03:39","slug":"golden-visa","status":"publish","type":"page","link":"https:\/\/jupiterorbis.pt\/es\/golden-visa\/","title":{"rendered":"Golden Visa"},"content":{"rendered":"<p>[et_pb_section fb_built=\u00bb1&#8243; fullwidth=\u00bbon\u00bb _builder_version=\u00bb4.16&#8243; _module_preset=\u00bbdefault\u00bb global_colors_info=\u00bb{}\u00bb][et_pb_fullwidth_image src=\u00bbhttps:\/\/jupiterorbis.pt\/wp-content\/uploads\/2020\/07\/golden-visa-header-1.jpg\u00bb title_text=\u00bbgolden-visa-header-1&#8243; _builder_version=\u00bb4.16&#8243; _module_preset=\u00bbdefault\u00bb global_colors_info=\u00bb{}\u00bb][\/et_pb_fullwidth_image][\/et_pb_section][et_pb_section fb_built=\u00bb1&#8243; _builder_version=\u00bb4.16&#8243; _module_preset=\u00bbdefault\u00bb custom_padding=\u00bb||95px|||\u00bb global_colors_info=\u00bb{}\u00bb][et_pb_row column_structure=\u00bb1_2,1_2&#8243; use_custom_gutter=\u00bbon\u00bb gutter_width=\u00bb4&#8243; _builder_version=\u00bb4.16&#8243; _module_preset=\u00bbdefault\u00bb custom_padding=\u00bb||45px|||\u00bb global_colors_info=\u00bb{}\u00bb][et_pb_column type=\u00bb1_2&#8243; _builder_version=\u00bb4.16&#8243; _module_preset=\u00bbdefault\u00bb global_colors_info=\u00bb{}\u00bb][et_pb_text _builder_version=\u00bb4.16&#8243; _module_preset=\u00bbdefault\u00bb header_font=\u00bb|||on|||||\u00bb header_6_text_color=\u00bb#f48200&#8243; global_colors_info=\u00bb{}\u00bb]<\/p>\n<h1>Golden visa<\/h1>\n<p>El programa\u00a0<strong>Golden Visa<\/strong>\u00a0fue presentado por las autoridades Portuguesas para que inversores extranjeros fuera de la Comunidad Europea puedan invertir en Portugal, y de esa forma obtener una autorizaci\u00f3n de residencia.<\/p>\n<p>Apenas es necesario realizar una inversi\u00f3n en Portugal, previsto en la ley, para clasificarse a la obtenci\u00f3n de la autorizaci\u00f3n de residencia. Esta autorizaci\u00f3n permitir\u00e1 que el inversos y sus familiares puedan vivir en Portugal y viajar libremente\u00a0 a pa\u00edses europeos\u00a0 (zona Schengen).<\/p>\n<h5><\/h5>\n<h5><\/h5>\n<h6>Ventajas del <strong>Golden Visa<\/strong>:<\/h6>\n<ul>\n<li>Vivir y trabajar en Portugal, aun teniendo residencia en otro Pa\u00eds;<\/li>\n<li>La autorizaci\u00f3n de residencia se aplica a otros miembros de la familia ;<\/li>\n<li>No es necesario visado para entrar en Portugal;<\/li>\n<li>No es necesario visado para viajar por Europa (\u00e1rea Schengen);<\/li>\n<li>Residencia permanente despu\u00e9s de\u00a0 5 a\u00f1os;<\/li>\n<li>Ciudadan\u00eda despu\u00e9s de 6 a\u00f1os.<\/li>\n<\/ul>\n<p>[\/et_pb_text][\/et_pb_column][et_pb_column type=\u00bb1_2&#8243; _builder_version=\u00bb4.16&#8243; _module_preset=\u00bbdefault\u00bb global_colors_info=\u00bb{}\u00bb][et_pb_image src=\u00bbhttps:\/\/jupiterorbis.pt\/wp-content\/uploads\/2020\/07\/golden-visa-img.jpg\u00bb title_text=\u00bbgolden-visa-img\u00bb _builder_version=\u00bb4.16&#8243; _module_preset=\u00bbdefault\u00bb width=\u00bb90%\u00bb module_alignment=\u00bbcenter\u00bb custom_margin=\u00bb76px|||||\u00bb global_colors_info=\u00bb{}\u00bb][\/et_pb_image][\/et_pb_column][\/et_pb_row][et_pb_row column_structure=\u00bb1_2,1_2&#8243; use_custom_gutter=\u00bbon\u00bb gutter_width=\u00bb4&#8243; _builder_version=\u00bb4.16&#8243; _module_preset=\u00bbdefault\u00bb custom_padding=\u00bb45px|||||\u00bb global_colors_info=\u00bb{}\u00bb][et_pb_column type=\u00bb1_2&#8243; _builder_version=\u00bb4.16&#8243; _module_preset=\u00bbdefault\u00bb global_colors_info=\u00bb{}\u00bb][et_pb_text _builder_version=\u00bb4.16&#8243; _module_preset=\u00bbdefault\u00bb header_font=\u00bb|||on|||||\u00bb header_6_text_color=\u00bb#f48200&#8243; global_colors_info=\u00bb{}\u00bb]<\/p>\n<h1>Green Gold<\/h1>\n<p>El Green Gold \u00a0es una categor\u00eda de inversi\u00f3n lanzada por el Gobierno Portugu\u00e9s como parte de su programa de Permiso de Residente Dorado ( GRPP). Este visado servir\u00e1 para reforzar el papel de Portugal en la atracci\u00f3n de inversiones ecol\u00f3gicas internacionales.<\/p>\n<p>Inversiones de un importe m\u00ednimo \u00a0de 500.000\u20ac , en proyectos ecol\u00f3gicos y ambientales, son ahora una oportunidad de entrada de extranjeros en Portugal y en la Uni\u00f3n Europea. Podr\u00e1n as\u00ed pedir autorizaci\u00f3n de residencia y nacionalidad Portuguesa mediante estos proyectos, siempre y cuando mantengan la inversi\u00f3n en el pa\u00eds por un tiempo m\u00ednimo de 5 a\u00f1os y\u00a0 pasar 7 d\u00edas por a\u00f1o en Portugal.<\/p>\n<p>Las \u00e1reas de inversi\u00f3n incluyen \u00a0los siguientes proyectos:<\/p>\n<ul>\n<li>Energ\u00eda Renovable<\/li>\n<li>Ecoturismo<\/li>\n<li>Agricultura Org\u00e1nica<\/li>\n<li>Proyectos neutros en carbono<\/li>\n<\/ul>\n<p>Pida mas informaci\u00f3n a nuestro equipo que le podr\u00e1 ayudar durante todo este proceso.<\/p>\n<p>[\/et_pb_text][\/et_pb_column][et_pb_column type=\u00bb1_2&#8243; _builder_version=\u00bb4.16&#8243; _module_preset=\u00bbdefault\u00bb global_colors_info=\u00bb{}\u00bb][et_pb_text _builder_version=\u00bb4.16&#8243; _module_preset=\u00bbdefault\u00bb header_font=\u00bb|||on|||||\u00bb header_6_text_color=\u00bb#f48200&#8243; global_colors_info=\u00bb{}\u00bb]<\/p>\n<h1>RNH<\/h1>\n<p>El RNH, R\u00e9gimen Fiscal para el Residente No Habitual, es un proceso fiscal privilegiado para extranjeros que deciden vivir en Portugal , siendo elegibles para tasas especiales aplicables al beneficio proveniente de Portugal ( tributados a la tasa especial del 20%) y \u00a0exenciones fiscales sobre los ingresos de origen extranjera , por un per\u00edodo de 10 a\u00f1os consecutivos.<\/p>\n<p>Tendr\u00e1n tambi\u00e9n derecho al beneficio de este r\u00e9gimen personas que hayan permanecido en el territorio Portugu\u00e9s mas de 183 d\u00edas, seguidos o interpolados.<\/p>\n<p>[\/et_pb_text][\/et_pb_column][\/et_pb_row][\/et_pb_section][et_pb_section fb_built=\u00bb1&#8243; _builder_version=\u00bb4.16&#8243; _module_preset=\u00bbdefault\u00bb custom_padding=\u00bb0px|0px|0px|0px|false|false\u00bb locked=\u00bboff\u00bb global_colors_info=\u00bb{}\u00bb][et_pb_row column_structure=\u00bb1_2,1_2&#8243; use_custom_gutter=\u00bbon\u00bb make_equal=\u00bbon\u00bb _builder_version=\u00bb4.16&#8243; _module_preset=\u00bbdefault\u00bb background_enable_image=\u00bboff\u00bb width=\u00bb100%\u00bb max_width=\u00bb1920px\u00bb custom_margin=\u00bb0px|0px|0px|0px|false|false\u00bb custom_padding=\u00bb0px|0px|0px|0px|false|false\u00bb global_colors_info=\u00bb{}\u00bb][et_pb_column type=\u00bb1_2&#8243; _builder_version=\u00bb4.16&#8243; _module_preset=\u00bbdefault\u00bb background_color=\u00bb#F5F5F5&#8243; background_enable_image=\u00bboff\u00bb custom_padding=\u00bb88px|160px|76px|160px|false|true\u00bb global_colors_info=\u00bb{}\u00bb][et_pb_text _builder_version=\u00bb4.16&#8243; _module_preset=\u00bbdefault\u00bb header_text_color=\u00bb#003049&#8243; custom_margin=\u00bb||16px||false|false\u00bb global_colors_info=\u00bb{}\u00bb custom_margin__hover_enabled=\u00bboff|desktop\u00bb]<\/p>\n<h1>Servi\u00e7os de consultoria<\/h1>\n<p>[\/et_pb_text][et_pb_text _builder_version=\u00bb4.16&#8243; _module_preset=\u00bbdefault\u00bb width=\u00bb100%\u00bb global_colors_info=\u00bb{}\u00bb]<\/p>\n<p>Encontrar las soluciones mas adecuadas a las necesidades de cada cliente, identificando oportunidades de compra, venta \u00f3 inversi\u00f3n. Ofrecemos un servicio personalizado, continuo y de excelencia, potenciando la eficacia de nuestros resultados. Todo el proceso es hecho de forma\u00a0 confidencial y conforme los tramites legales y fiscales.<\/p>\n<p>[\/et_pb_text][et_pb_button button_url=\u00bbmailto:geral@jupiterorbis.pt\u00bb url_new_window=\u00bbon\u00bb button_text=\u00bbCont\u00e1ctenos\u00bb button_alignment=\u00bbleft\u00bb _builder_version=\u00bb4.16&#8243; _module_preset=\u00bbdefault\u00bb custom_button=\u00bbon\u00bb button_text_size=\u00bb12px\u00bb button_text_color=\u00bb#ffffff\u00bb button_bg_color=\u00bb#F6901E\u00bb button_border_width=\u00bb0px\u00bb button_border_radius=\u00bb3px\u00bb button_font=\u00bbMontserrat|700|||||||\u00bb button_use_icon=\u00bboff\u00bb custom_margin=\u00bb26px||13px||false|false\u00bb custom_padding=\u00bb8px|18px|8px|18px|true|true\u00bb box_shadow_style=\u00bbpreset1&#8243; box_shadow_color=\u00bbrgba(0,0,0,0.17)\u00bb locked=\u00bboff\u00bb global_colors_info=\u00bb{}\u00bb button_text_color__hover=\u00bb#F6901E\u00bb button_text_color__hover_enabled=\u00bbon|desktop\u00bb button_bg_color__hover=\u00bb#ffffff\u00bb button_bg_color__hover_enabled=\u00bbon|desktop\u00bb][\/et_pb_button][\/et_pb_column][et_pb_column type=\u00bb1_2&#8243; _builder_version=\u00bb4.16&#8243; _module_preset=\u00bbdefault\u00bb background_color=\u00bb#003049&#8243; background_image=\u00bbhttps:\/\/jupiterorbis.pt\/wp-content\/uploads\/2020\/07\/golden-visa-consultoria.jpg\u00bb custom_padding=\u00bb4%|8%|4%|8%|true|true\u00bb global_colors_info=\u00bb{}\u00bb][\/et_pb_column][\/et_pb_row][\/et_pb_section][et_pb_section fb_built=\u00bb1&#8243; _builder_version=\u00bb4.16&#8243; _module_preset=\u00bbdefault\u00bb saved_tabs=\u00bball\u00bb global_colors_info=\u00bb{}\u00bb][et_pb_row column_structure=\u00bb1_5,1_5,1_5,1_5,1_5&#8243; _builder_version=\u00bb4.16&#8243; _module_preset=\u00bbdefault\u00bb global_colors_info=\u00bb{}\u00bb][et_pb_column type=\u00bb1_5&#8243; _builder_version=\u00bb4.16&#8243; _module_preset=\u00bbdefault\u00bb global_colors_info=\u00bb{}\u00bb][et_pb_text _builder_version=\u00bb4.16&#8243; _module_preset=\u00bbdefault\u00bb header_6_font=\u00bb|||on|||||\u00bb header_6_font_size=\u00bb11px\u00bb border_width_bottom=\u00bb1px\u00bb border_color_bottom=\u00bb#F6901E\u00bb global_colors_info=\u00bb{}\u00bb]<\/p>\n<h6>Jupiterorbis<\/h6>\n<p>[\/et_pb_text][et_pb_text _builder_version=\u00bb4.16&#8243; _module_preset=\u00bbdefault\u00bb text_font_size=\u00bb10px\u00bb text_line_height=\u00bb1.6em\u00bb width=\u00bb89.7%\u00bb custom_margin=\u00bb8px||||false|false\u00bb global_colors_info=\u00bb{}\u00bb]<\/p>\n<p>Jupiterorbis es formada por un equipo con experiencia en el Mercado Nacional e Internacional,\u00a0 que le ayudar\u00e1 a encontrar la propiedad y la inversi\u00f3n perfecta.<\/p>\n<p>[\/et_pb_text][\/et_pb_column][et_pb_column type=\u00bb1_5&#8243; _builder_version=\u00bb4.16&#8243; _module_preset=\u00bbdefault\u00bb global_colors_info=\u00bb{}\u00bb][et_pb_text _builder_version=\u00bb4.16&#8243; _module_preset=\u00bbdefault\u00bb header_6_font=\u00bb|||on|||||\u00bb header_6_font_size=\u00bb11px\u00bb border_width_bottom=\u00bb1px\u00bb border_color_bottom=\u00bb#F6901E\u00bb global_colors_info=\u00bb{}\u00bb]<\/p>\n<h6>Recursos<\/h6>\n<p>[\/et_pb_text][et_pb_text _builder_version=\u00bb4.18.0&#8243; _module_preset=\u00bbdefault\u00bb text_font_size=\u00bb10px\u00bb text_line_height=\u00bb1.6em\u00bb custom_margin=\u00bb8px||||false|false\u00bb hover_enabled=\u00bb0&#8243; global_colors_info=\u00bb{}\u00bb sticky_enabled=\u00bb0&#8243;]<\/p>\n<p><a href=\"https:\/\/jupiterorbis.pt\/es\/privacy-policy\/\">Pol\u00edtica de privacidad<\/a><\/p>\n<p>[\/et_pb_text][\/et_pb_column][et_pb_column type=\u00bb1_5&#8243; _builder_version=\u00bb4.16&#8243; _module_preset=\u00bbdefault\u00bb global_colors_info=\u00bb{}\u00bb][et_pb_text _builder_version=\u00bb4.16&#8243; _module_preset=\u00bbdefault\u00bb header_6_font=\u00bb|||on|||||\u00bb header_6_font_size=\u00bb11px\u00bb border_width_bottom=\u00bb1px\u00bb border_color_bottom=\u00bb#F6901E\u00bb global_colors_info=\u00bb{}\u00bb]<\/p>\n<h6 class=\"tw-data-text tw-text-large XcVN5d tw-ta\" data-placeholder=\"Tradu\u00e7\u00e3o\" id=\"tw-target-text\" dir=\"ltr\"><span lang=\"es\">Contactos<\/span><\/h6>\n<p>[\/et_pb_text][et_pb_text _builder_version=\u00bb4.16&#8243; _module_preset=\u00bbdefault\u00bb text_font_size=\u00bb10px\u00bb text_line_height=\u00bb1.6em\u00bb custom_margin=\u00bb8px||||false|false\u00bb global_colors_info=\u00bb{}\u00bb]+351 918 866 278<\/p>\n<p>geral@jupiterorbis.pt[\/et_pb_text][\/et_pb_column][et_pb_column type=\u00bb1_5&#8243; _builder_version=\u00bb4.16&#8243; _module_preset=\u00bbdefault\u00bb global_colors_info=\u00bb{}\u00bb][\/et_pb_column][et_pb_column type=\u00bb1_5&#8243; _builder_version=\u00bb4.16&#8243; _module_preset=\u00bbdefault\u00bb global_colors_info=\u00bb{}\u00bb][\/et_pb_column][\/et_pb_row][\/et_pb_section][et_pb_section fb_built=\u00bb1&#8243; _builder_version=\u00bb4.16&#8243; _module_preset=\u00bbdefault\u00bb custom_padding=\u00bb40px||19px|||\u00bb box_shadow_style=\u00bbpreset2&#8243; box_shadow_blur=\u00bb12px\u00bb global_colors_info=\u00bb{}\u00bb][et_pb_row column_structure=\u00bb1_2,1_2&#8243; _builder_version=\u00bb4.16&#8243; _module_preset=\u00bbdefault\u00bb width=\u00bb100%\u00bb max_width=\u00bb1300px\u00bb custom_padding=\u00bb4px||0px|||\u00bb global_colors_info=\u00bb{}\u00bb][et_pb_column type=\u00bb1_2&#8243; _builder_version=\u00bb4.16&#8243; _module_preset=\u00bbdefault\u00bb global_colors_info=\u00bb{}\u00bb][et_pb_social_media_follow _builder_version=\u00bb4.16&#8243; _module_preset=\u00bbdefault\u00bb text_orientation=\u00bbleft\u00bb global_colors_info=\u00bb{}\u00bb][et_pb_social_media_follow_network social_network=\u00bbfacebook\u00bb icon_color=\u00bb#F6901E\u00bb use_icon_font_size=\u00bbon\u00bb icon_font_size=\u00bb13px\u00bb _builder_version=\u00bb4.16&#8243; _module_preset=\u00bbdefault\u00bb background_color=\u00bbrgba(0,0,0,0)\u00bb background_enable_color=\u00bbon\u00bb global_colors_info=\u00bb{}\u00bb follow_button=\u00bboff\u00bb url_new_window=\u00bbon\u00bb]facebook[\/et_pb_social_media_follow_network][et_pb_social_media_follow_network social_network=\u00bbinstagram\u00bb icon_color=\u00bb#F6901E\u00bb use_icon_font_size=\u00bbon\u00bb icon_font_size=\u00bb13px\u00bb _builder_version=\u00bb4.16&#8243; _module_preset=\u00bbdefault\u00bb background_color=\u00bbrgba(0,0,0,0)\u00bb background_enable_color=\u00bbon\u00bb global_colors_info=\u00bb{}\u00bb follow_button=\u00bboff\u00bb url_new_window=\u00bbon\u00bb]instagram[\/et_pb_social_media_follow_network][et_pb_social_media_follow_network social_network=\u00bblinkedin\u00bb icon_color=\u00bb#f48200&#8243; _builder_version=\u00bb4.16&#8243; _module_preset=\u00bbdefault\u00bb background_color=\u00bbrgba(0,0,0,0)\u00bb background_enable_color=\u00bbon\u00bb global_colors_info=\u00bb{}\u00bb follow_button=\u00bboff\u00bb url_new_window=\u00bbon\u00bb]linkedin[\/et_pb_social_media_follow_network][\/et_pb_social_media_follow][\/et_pb_column][et_pb_column type=\u00bb1_2&#8243; _builder_version=\u00bb4.16&#8243; _module_preset=\u00bbdefault\u00bb global_colors_info=\u00bb{}\u00bb][et_pb_text _builder_version=\u00bb4.16&#8243; _module_preset=\u00bbdefault\u00bb text_font_size=\u00bb9px\u00bb text_orientation=\u00bbright\u00bb global_colors_info=\u00bb{}\u00bb]Copyright&nbsp;\u00a9 | Jupiterorbis&nbsp; 2020[\/et_pb_text][\/et_pb_column][\/et_pb_row][\/et_pb_section]<\/p>\n","protected":false},"excerpt":{"rendered":"<p>Golden visa El programa\u00a0Golden Visa\u00a0fue presentado por las autoridades Portuguesas para que inversores extranjeros fuera de la Comunidad Europea puedan invertir en Portugal, y de esa forma obtener una autorizaci\u00f3n de residencia. Apenas es necesario realizar una inversi\u00f3n en Portugal, previsto en la ley, para clasificarse a la obtenci\u00f3n de la autorizaci\u00f3n de residencia. Esta [&hellip;]<\/p>\n","protected":false},"author":1,"featured_media":0,"parent":0,"menu_order":0,"comment_status":"closed","ping_status":"closed","template":"","meta":{"_et_pb_use_builder":"on","_et_pb_old_content":"","_et_gb_content_width":""},"yoast_head":"<!-- This site is optimized with the Yoast SEO plugin v19.6 - https:\/\/yoast.com\/wordpress\/plugins\/seo\/ -->\n<title>Golden Visa - JUPITERORBIS - Properties &amp; Investments<\/title>\n<meta name=\"robots\" content=\"index, follow, max-snippet:-1, max-image-preview:large, max-video-preview:-1\" \/>\n<link rel=\"canonical\" href=\"https:\/\/jupiterorbis.pt\/es\/golden-visa\/\" \/>\n<meta property=\"og:locale\" content=\"es_ES\" \/>\n<meta property=\"og:type\" content=\"article\" \/>\n<meta property=\"og:title\" content=\"Golden Visa - JUPITERORBIS - Properties &amp; Investments\" \/>\n<meta property=\"og:description\" content=\"Golden visa El programa\u00a0Golden Visa\u00a0fue presentado por las autoridades Portuguesas para que inversores extranjeros fuera de la Comunidad Europea puedan invertir en Portugal, y de esa forma obtener una autorizaci\u00f3n de residencia. Apenas es necesario realizar una inversi\u00f3n en Portugal, previsto en la ley, para clasificarse a la obtenci\u00f3n de la autorizaci\u00f3n de residencia. Esta [&hellip;]\" \/>\n<meta property=\"og:url\" content=\"https:\/\/jupiterorbis.pt\/es\/golden-visa\/\" \/>\n<meta property=\"og:site_name\" content=\"JUPITERORBIS - Properties &amp; Investments\" \/>\n<meta property=\"article:publisher\" content=\"https:\/\/www.facebook.com\/jupiterorbis\" \/>\n<meta property=\"article:modified_time\" content=\"2022-09-12T13:03:39+00:00\" \/>\n<meta name=\"twitter:card\" content=\"summary_large_image\" \/>\n<meta name=\"twitter:label1\" content=\"Tiempo de lectura\" \/>\n\t<meta name=\"twitter:data1\" content=\"8 minutos\" \/>\n<script type=\"application\/ld+json\" class=\"yoast-schema-graph\">{\"@context\":\"https:\/\/schema.org\",\"@graph\":[{\"@type\":\"WebPage\",\"@id\":\"https:\/\/jupiterorbis.pt\/es\/golden-visa\/\",\"url\":\"https:\/\/jupiterorbis.pt\/es\/golden-visa\/\",\"name\":\"Golden Visa - JUPITERORBIS - Properties &amp; Investments\",\"isPartOf\":{\"@id\":\"https:\/\/jupiterorbis.pt\/#website\"},\"datePublished\":\"2020-08-03T17:18:06+00:00\",\"dateModified\":\"2022-09-12T13:03:39+00:00\",\"breadcrumb\":{\"@id\":\"https:\/\/jupiterorbis.pt\/es\/golden-visa\/#breadcrumb\"},\"inLanguage\":\"es\",\"potentialAction\":[{\"@type\":\"ReadAction\",\"target\":[\"https:\/\/jupiterorbis.pt\/es\/golden-visa\/\"]}]},{\"@type\":\"BreadcrumbList\",\"@id\":\"https:\/\/jupiterorbis.pt\/es\/golden-visa\/#breadcrumb\",\"itemListElement\":[{\"@type\":\"ListItem\",\"position\":1,\"name\":\"In\u00edcio\",\"item\":\"https:\/\/jupiterorbis.pt\/\"},{\"@type\":\"ListItem\",\"position\":2,\"name\":\"Golden Visa\"}]},{\"@type\":\"WebSite\",\"@id\":\"https:\/\/jupiterorbis.pt\/#website\",\"url\":\"https:\/\/jupiterorbis.pt\/\",\"name\":\"JUPITERORBIS - Properties &amp; Investments\",\"description\":\"O seu parceiro ideal na media\u00e7\u00e3o imobili\u00e1ria e consultoria.\",\"potentialAction\":[{\"@type\":\"SearchAction\",\"target\":{\"@type\":\"EntryPoint\",\"urlTemplate\":\"https:\/\/jupiterorbis.pt\/?s={search_term_string}\"},\"query-input\":\"required name=search_term_string\"}],\"inLanguage\":\"es\"}]}<\/script>\n<!-- \/ Yoast SEO plugin. -->","yoast_head_json":{"title":"Golden Visa - JUPITERORBIS - Properties &amp; Investments","robots":{"index":"index","follow":"follow","max-snippet":"max-snippet:-1","max-image-preview":"max-image-preview:large","max-video-preview":"max-video-preview:-1"},"canonical":"https:\/\/jupiterorbis.pt\/es\/golden-visa\/","og_locale":"es_ES","og_type":"article","og_title":"Golden Visa - JUPITERORBIS - Properties &amp; Investments","og_description":"Golden visa El programa\u00a0Golden Visa\u00a0fue presentado por las autoridades Portuguesas para que inversores extranjeros fuera de la Comunidad Europea puedan invertir en Portugal, y de esa forma obtener una autorizaci\u00f3n de residencia. Apenas es necesario realizar una inversi\u00f3n en Portugal, previsto en la ley, para clasificarse a la obtenci\u00f3n de la autorizaci\u00f3n de residencia. Esta [&hellip;]","og_url":"https:\/\/jupiterorbis.pt\/es\/golden-visa\/","og_site_name":"JUPITERORBIS - Properties &amp; Investments","article_publisher":"https:\/\/www.facebook.com\/jupiterorbis","article_modified_time":"2022-09-12T13:03:39+00:00","twitter_card":"summary_large_image","twitter_misc":{"Tiempo de lectura":"8 minutos"},"schema":{"@context":"https:\/\/schema.org","@graph":[{"@type":"WebPage","@id":"https:\/\/jupiterorbis.pt\/es\/golden-visa\/","url":"https:\/\/jupiterorbis.pt\/es\/golden-visa\/","name":"Golden Visa - JUPITERORBIS - Properties &amp; Investments","isPartOf":{"@id":"https:\/\/jupiterorbis.pt\/#website"},"datePublished":"2020-08-03T17:18:06+00:00","dateModified":"2022-09-12T13:03:39+00:00","breadcrumb":{"@id":"https:\/\/jupiterorbis.pt\/es\/golden-visa\/#breadcrumb"},"inLanguage":"es","potentialAction":[{"@type":"ReadAction","target":["https:\/\/jupiterorbis.pt\/es\/golden-visa\/"]}]},{"@type":"BreadcrumbList","@id":"https:\/\/jupiterorbis.pt\/es\/golden-visa\/#breadcrumb","itemListElement":[{"@type":"ListItem","position":1,"name":"In\u00edcio","item":"https:\/\/jupiterorbis.pt\/"},{"@type":"ListItem","position":2,"name":"Golden Visa"}]},{"@type":"WebSite","@id":"https:\/\/jupiterorbis.pt\/#website","url":"https:\/\/jupiterorbis.pt\/","name":"JUPITERORBIS - Properties &amp; Investments","description":"O seu parceiro ideal na media\u00e7\u00e3o imobili\u00e1ria e consultoria.","potentialAction":[{"@type":"SearchAction","target":{"@type":"EntryPoint","urlTemplate":"https:\/\/jupiterorbis.pt\/?s={search_term_string}"},"query-input":"required name=search_term_string"}],"inLanguage":"es"}]}},"_links":{"self":[{"href":"https:\/\/jupiterorbis.pt\/es\/wp-json\/wp\/v2\/pages\/506"}],"collection":[{"href":"https:\/\/jupiterorbis.pt\/es\/wp-json\/wp\/v2\/pages"}],"about":[{"href":"https:\/\/jupiterorbis.pt\/es\/wp-json\/wp\/v2\/types\/page"}],"author":[{"embeddable":true,"href":"https:\/\/jupiterorbis.pt\/es\/wp-json\/wp\/v2\/users\/1"}],"replies":[{"embeddable":true,"href":"https:\/\/jupiterorbis.pt\/es\/wp-json\/wp\/v2\/comments?post=506"}],"version-history":[{"count":4,"href":"https:\/\/jupiterorbis.pt\/es\/wp-json\/wp\/v2\/pages\/506\/revisions"}],"predecessor-version":[{"id":2764,"href":"https:\/\/jupiterorbis.pt\/es\/wp-json\/wp\/v2\/pages\/506\/revisions\/2764"}],"wp:attachment":[{"href":"https:\/\/jupiterorbis.pt\/es\/wp-json\/wp\/v2\/media?parent=506"}],"curies":[{"name":"wp","href":"https:\/\/api.w.org\/{rel}","templated":true}]}}