{"id":504,"date":"2020-08-03T17:17:41","date_gmt":"2020-08-03T17:17:41","guid":{"rendered":"https:\/\/jupiterorbis.pt\/?page_id=504"},"modified":"2022-09-12T13:38:25","modified_gmt":"2022-09-12T13:38:25","slug":"socios","status":"publish","type":"page","link":"https:\/\/jupiterorbis.pt\/es\/socios\/","title":{"rendered":"Socios"},"content":{"rendered":"<p>[et_pb_section fb_built=\u00bb1&#8243; fullwidth=\u00bbon\u00bb _builder_version=\u00bb4.16&#8243; _module_preset=\u00bbdefault\u00bb global_colors_info=\u00bb{}\u00bb][et_pb_fullwidth_image src=\u00bbhttps:\/\/jupiterorbis.pt\/wp-content\/uploads\/2020\/07\/parceiros-header.jpg\u00bb title_text=\u00bbparceiros-header\u00bb _builder_version=\u00bb4.16&#8243; _module_preset=\u00bbdefault\u00bb global_colors_info=\u00bb{}\u00bb][\/et_pb_fullwidth_image][\/et_pb_section][et_pb_section fb_built=\u00bb1&#8243; admin_label=\u00bbBem-vindo Modulo\u00bb _builder_version=\u00bb4.16&#8243; _module_preset=\u00bbdefault\u00bb custom_padding=\u00bb70px||17px|||\u00bb locked=\u00bboff\u00bb global_colors_info=\u00bb{}\u00bb][et_pb_row admin_label=\u00bbBem-Vindo Texto\u00bb _builder_version=\u00bb4.16&#8243; _module_preset=\u00bbdefault\u00bb custom_padding=\u00bb||60px|||\u00bb global_colors_info=\u00bb{}\u00bb][et_pb_column type=\u00bb4_4&#8243; _builder_version=\u00bb4.16&#8243; _module_preset=\u00bbdefault\u00bb global_colors_info=\u00bb{}\u00bb][et_pb_text _builder_version=\u00bb4.16&#8243; _module_preset=\u00bbdefault\u00bb header_4_font=\u00bbMontserrat|600|||||||\u00bb header_4_text_align=\u00bbcenter\u00bb header_4_text_color=\u00bb#F6901E\u00bb header_5_font=\u00bbMontserrat|700|||||||\u00bb header_5_text_align=\u00bbcenter\u00bb header_5_text_color=\u00bb#F6901E\u00bb header_5_font_size=\u00bb11px\u00bb global_colors_info=\u00bb{}\u00bb]<\/p>\n<h5><strong>SOCIOS<\/strong><\/h5>\n<p>[\/et_pb_text][et_pb_text _builder_version=\u00bb4.16&#8243; _module_preset=\u00bbdefault\u00bb text_orientation=\u00bbcenter\u00bb width=\u00bb63%\u00bb module_alignment=\u00bbcenter\u00bb global_colors_info=\u00bb{}\u00bb]<\/p>\n<p>Para <span>servirlo mejor y ayudar a\u00a0 nuestros clientes nacionales y internacionales<\/span> reunimos <span>algunas<\/span> empresas especializadas <span>con pruebas <\/span>\u00a0de <span>experiencia, <\/span>compet\u00eancia, <span>seriedad y profisionalismo.<\/span><\/p>\n<p>[\/et_pb_text][\/et_pb_column][\/et_pb_row][et_pb_row column_structure=\u00bb1_3,1_3,1_3&#8243; use_custom_gutter=\u00bbon\u00bb gutter_width=\u00bb4&#8243; _builder_version=\u00bb4.16&#8243; _module_preset=\u00bbdefault\u00bb global_colors_info=\u00bb{}\u00bb][et_pb_column type=\u00bb1_3&#8243; _builder_version=\u00bb4.16&#8243; _module_preset=\u00bbdefault\u00bb global_colors_info=\u00bb{}\u00bb][et_pb_blurb title=\u00bbWikibuild\u00bb image=\u00bbhttps:\/\/jupiterorbis.pt\/wp-content\/uploads\/2020\/07\/Group-350.png\u00bb _builder_version=\u00bb4.16&#8243; _module_preset=\u00bbdefault\u00bb custom_margin=\u00bb||32px|||\u00bb global_colors_info=\u00bb{}\u00bb]<\/p>\n<p>WIKIBUILD S.A. es una empresa especialista en el sector de la Construcci\u00f3n Civil y sus variantes que acumula experiencia Know-How en sus mas distintas vertientes.<\/p>\n<p>\u00c1reas de actuaci\u00f3n:<\/p>\n<p>Retail \u2013 Mercado Minorista<br \/>Oficinas<br \/>Industrial<br \/>Hosteler\u00eda y Restauraci\u00f3n<br \/>Comercio y Servicios<br \/>Construcci\u00f3n y Rehabilitaci\u00f3n de Edificios \u00a0<\/p>\n<p>[\/et_pb_blurb][et_pb_text _builder_version=\u00bb4.16&#8243; _module_preset=\u00bbdefault\u00bb header_font=\u00bb|||on|||||\u00bb header_4_font=\u00bbMontserrat|600|||||||\u00bb header_4_text_align=\u00bbcenter\u00bb header_4_text_color=\u00bb#F6901E\u00bb header_5_font=\u00bbMontserrat|700|||||||\u00bb header_5_text_align=\u00bbleft\u00bb header_5_text_color=\u00bb#F6901E\u00bb header_5_font_size=\u00bb11px\u00bb custom_margin=\u00bb||12px|||\u00bb link_option_url=\u00bbwikibuild.pt\u00bb locked=\u00bboff\u00bb global_colors_info=\u00bb{}\u00bb]<\/p>\n<h5>wikibuild.pt<\/h5>\n<p>[\/et_pb_text][\/et_pb_column][et_pb_column type=\u00bb1_3&#8243; _builder_version=\u00bb4.16&#8243; _module_preset=\u00bbdefault\u00bb global_colors_info=\u00bb{}\u00bb][et_pb_blurb title=\u00bbLike a Partner\u00bb image=\u00bbhttps:\/\/jupiterorbis.pt\/wp-content\/uploads\/2020\/07\/Group-348.png\u00bb _builder_version=\u00bb4.16&#8243; _module_preset=\u00bbdefault\u00bb custom_margin=\u00bb||32px|||\u00bb global_colors_info=\u00bb{}\u00bb]<\/p>\n<p>Like a Partner\u00a0<span>es una<\/span> empresa <span>portugesa<\/span> que <span>surgio<\/span> de <span>la\u00a0 necesidad de ayudar al tejido <\/span>\u00a0empresarial portugu\u00eas. <span>Nuestros servicios se basan en<\/span> realizar <span>proyectos y ayudar a nuestros <\/span>\u00a0clientes a <span>conseguir sus necesidades financieras.<\/span><\/p>\n<p><span>En<\/span>\u00a0Like a Partner<span>,\u00a0nuestra especialidad es hacer crecer su<\/span> neg\u00f3cio, <span>nuestros<\/span>\u00a0consultores\u00a0<span>tienen una<\/span> larga experi\u00eancia <span>en soluciones<\/span> de\u00a0franchising, <span>capacidad<\/span> para <span>presentar las mejores soluciones<\/span> para <span> sus necesidades\u00a0financeiras\u00a0y de\u00a0expansion<\/span>.<\/p>\n<p><span>Tenemos el enfoque adecuado<\/span> a <span>su <\/span>\u00a0mercado para <span>hacer crecer\u00a0 su negocio.<\/span><\/p>\n<p>[\/et_pb_blurb][et_pb_text _builder_version=\u00bb4.16&#8243; _module_preset=\u00bbdefault\u00bb header_font=\u00bb|||on|||||\u00bb header_4_font=\u00bbMontserrat|600|||||||\u00bb header_4_text_align=\u00bbcenter\u00bb header_4_text_color=\u00bb#F6901E\u00bb header_5_font=\u00bbMontserrat|700|||||||\u00bb header_5_text_align=\u00bbleft\u00bb header_5_text_color=\u00bb#F6901E\u00bb header_5_font_size=\u00bb11px\u00bb custom_margin=\u00bb||12px|||\u00bb link_option_url=\u00bblikeapartner.pt\u00bb locked=\u00bboff\u00bb global_colors_info=\u00bb{}\u00bb]<\/p>\n<h5>likeapartner.pt<\/h5>\n<p>[\/et_pb_text][\/et_pb_column][et_pb_column type=\u00bb1_3&#8243; _builder_version=\u00bb4.16&#8243; _module_preset=\u00bbdefault\u00bb global_colors_info=\u00bb{}\u00bb][et_pb_blurb title=\u00bbSketology\u00bb image=\u00bbhttps:\/\/jupiterorbis.pt\/wp-content\/uploads\/2020\/07\/Group-349.png\u00bb _builder_version=\u00bb4.16&#8243; _module_preset=\u00bbdefault\u00bb custom_margin=\u00bb||32px|||\u00bb global_colors_info=\u00bb{}\u00bb]<\/p>\n<p>Sketology\u00a0es un Centro Creativo que ofrece servicios como Marketing, Publicidad, Design &amp; Arquitectura.<\/p>\n<p>Con un equipo joven de Remoters, ofrecen un enfoque fresco y moderno. Creen en la creatividad intr\u00e9pida, y saben que las grandes ideas pueden surgir en cualquier lugar, por eso viajan por todo el mundo, en busca de las ultimas tendencias, para que puedan as\u00ed ofrecer soluciones orientadas y innovadoras. \u00a0<\/p>\n<p>[\/et_pb_blurb][et_pb_text _builder_version=\u00bb4.16&#8243; _module_preset=\u00bbdefault\u00bb header_font=\u00bb|||on|||||\u00bb header_4_font=\u00bbMontserrat|600|||||||\u00bb header_4_text_align=\u00bbcenter\u00bb header_4_text_color=\u00bb#F6901E\u00bb header_5_font=\u00bbMontserrat|700|||||||\u00bb header_5_text_align=\u00bbleft\u00bb header_5_text_color=\u00bb#F6901E\u00bb header_5_font_size=\u00bb11px\u00bb custom_margin=\u00bb||12px|||\u00bb link_option_url=\u00bbsketology.pt\u00bb locked=\u00bboff\u00bb global_colors_info=\u00bb{}\u00bb]<\/p>\n<h5>sketology.pt<\/h5>\n<p>[\/et_pb_text][\/et_pb_column][\/et_pb_row][et_pb_row column_structure=\u00bb1_3,1_3,1_3&#8243; use_custom_gutter=\u00bbon\u00bb gutter_width=\u00bb4&#8243; _builder_version=\u00bb4.16&#8243; _module_preset=\u00bbdefault\u00bb global_colors_info=\u00bb{}\u00bb][et_pb_column type=\u00bb1_3&#8243; _builder_version=\u00bb4.16&#8243; _module_preset=\u00bbdefault\u00bb global_colors_info=\u00bb{}\u00bb][\/et_pb_column][et_pb_column type=\u00bb1_3&#8243; _builder_version=\u00bb4.16&#8243; _module_preset=\u00bbdefault\u00bb global_colors_info=\u00bb{}\u00bb][\/et_pb_column][et_pb_column type=\u00bb1_3&#8243; _builder_version=\u00bb4.16&#8243; _module_preset=\u00bbdefault\u00bb global_colors_info=\u00bb{}\u00bb][\/et_pb_column][\/et_pb_row][\/et_pb_section][et_pb_section fb_built=\u00bb1&#8243; _builder_version=\u00bb4.16&#8243; _module_preset=\u00bbdefault\u00bb background_image=\u00bbhttps:\/\/jupiterorbis.pt\/wp-content\/uploads\/2020\/07\/homepage-newsletter.png\u00bb background_position=\u00bbtop_center\u00bb global_colors_info=\u00bb{}\u00bb][et_pb_row column_structure=\u00bb1_2,1_2&#8243; _builder_version=\u00bb4.16&#8243; _module_preset=\u00bbdefault\u00bb custom_margin=\u00bb68px|auto||auto||\u00bb custom_padding=\u00bb||8px|||\u00bb global_colors_info=\u00bb{}\u00bb][et_pb_column type=\u00bb1_2&#8243; _builder_version=\u00bb4.16&#8243; _module_preset=\u00bbdefault\u00bb global_colors_info=\u00bb{}\u00bb][et_pb_text _builder_version=\u00bb4.16&#8243; _module_preset=\u00bbdefault\u00bb header_font=\u00bb|||on|||||\u00bb header_4_font=\u00bbMontserrat|600|||||||\u00bb header_4_text_align=\u00bbcenter\u00bb header_4_text_color=\u00bb#F6901E\u00bb header_5_font=\u00bbMontserrat|700||on|||||\u00bb header_5_text_align=\u00bbleft\u00bb header_5_text_color=\u00bb#F6901E\u00bb header_5_font_size=\u00bb11px\u00bb custom_margin=\u00bb||12px|||\u00bb global_colors_info=\u00bb{}\u00bb]<\/p>\n<h5>Newsletter<\/h5>\n<p>[\/et_pb_text][et_pb_text _builder_version=\u00bb4.16&#8243; _module_preset=\u00bbdefault\u00bb text_text_color=\u00bb#ffffff\u00bb header_text_color=\u00bb#ffffff\u00bb header_line_height=\u00bb1.1em\u00bb global_colors_info=\u00bb{}\u00bb]<\/p>\n<h1 class=\"tw-data-text tw-text-large XcVN5d tw-ta\" data-placeholder=\"Tradu\u00e7\u00e3o\" id=\"tw-target-text\" dir=\"ltr\"><span lang=\"es\">Mantente informado sobre como las \u00faltimas noticias<\/span><\/h1>\n<p class=\"tw-data-text tw-text-large XcVN5d tw-ta\" data-placeholder=\"Tradu\u00e7\u00e3o\" id=\"tw-target-text\" dir=\"ltr\"><span lang=\"es\">Env\u00edenos su correo electr\u00f3nico y est\u00e9 atento a las noticias que tenemos para usted.<\/span><\/p>\n<p>[\/et_pb_text][et_pb_contact_form captcha=\u00bboff\u00bb email=\u00bbgeral@jupiterorbis.pt\u00bb custom_message=\u00bbOl\u00e1, ||et_pb_line_break_holder||||et_pb_line_break_holder||Este utilizador acabou de aderir \u00e0 Newsletter.||et_pb_line_break_holder||||et_pb_line_break_holder||Obrigado!\u00bb success_message=\u00bbObrigado!\u00bb submit_button_text=\u00bbEnviar\u00bb _builder_version=\u00bb4.16&#8243; _module_preset=\u00bbdefault\u00bb _unique_id=\u00bbe298071f-3e56-465c-8383-629f92f252de\u00bb custom_button=\u00bbon\u00bb button_text_size=\u00bb12px\u00bb button_text_color=\u00bb#ffffff\u00bb button_bg_color=\u00bb#F6901E\u00bb button_border_width=\u00bb0px\u00bb button_border_radius=\u00bb3px\u00bb button_font=\u00bbMontserrat|700|||||||\u00bb button_use_icon=\u00bboff\u00bb button_custom_margin=\u00bb5px||||false|false\u00bb button_custom_padding=\u00bb8px|16px|8px|16px|true|true\u00bb border_radii=\u00bbon|3px|3px|3px|3px\u00bb global_colors_info=\u00bb{}\u00bb form_field_text_color__hover_enabled=\u00bboff|desktop\u00bb button_text_color__hover=\u00bb#F6901E\u00bb button_text_color__hover_enabled=\u00bbon|desktop\u00bb button_bg_color__hover=\u00bb#ffffff\u00bb button_bg_color__hover_enabled=\u00bbon|desktop\u00bb][et_pb_contact_field field_id=\u00bbEmail\u00bb field_title=\u00bbEmail\u00bb field_type=\u00bbemail\u00bb fullwidth_field=\u00bbon\u00bb _builder_version=\u00bb4.16&#8243; global_colors_info=\u00bb{}\u00bb button_text_size__hover_enabled=\u00bboff\u00bb button_one_text_size__hover_enabled=\u00bboff\u00bb button_two_text_size__hover_enabled=\u00bboff\u00bb button_text_color__hover_enabled=\u00bboff\u00bb button_one_text_color__hover_enabled=\u00bboff\u00bb button_two_text_color__hover_enabled=\u00bboff\u00bb button_border_width__hover_enabled=\u00bboff\u00bb button_one_border_width__hover_enabled=\u00bboff\u00bb button_two_border_width__hover_enabled=\u00bboff\u00bb button_border_color__hover_enabled=\u00bboff\u00bb button_one_border_color__hover_enabled=\u00bboff\u00bb button_two_border_color__hover_enabled=\u00bboff\u00bb button_border_radius__hover_enabled=\u00bboff\u00bb button_one_border_radius__hover_enabled=\u00bboff\u00bb button_two_border_radius__hover_enabled=\u00bboff\u00bb button_letter_spacing__hover_enabled=\u00bboff\u00bb button_one_letter_spacing__hover_enabled=\u00bboff\u00bb button_two_letter_spacing__hover_enabled=\u00bboff\u00bb button_bg_color__hover_enabled=\u00bboff\u00bb button_one_bg_color__hover_enabled=\u00bboff\u00bb button_two_bg_color__hover_enabled=\u00bboff\u00bb][\/et_pb_contact_field][et_pb_contact_field field_id=\u00bbField_5&#8243; field_type=\u00bbcheckbox\u00bb checkbox_options=\u00bb%91{%22value%22:%22 He le\u00eddo y acepto la %22,%22checked%22:0,%22dragID%22:-1,%22link_url%22:%22https:\/\/jupiterorbis.pt\/privacy-policy\/%22,%22link_text%22:%22Pol\u00edtica de Protecion de datos.%22}%93&#8243; fullwidth_field=\u00bbon\u00bb _builder_version=\u00bb4.16&#8243; _module_preset=\u00bbdefault\u00bb form_field_background_color=\u00bbrgba(255,255,255,0.45)\u00bb form_field_text_color=\u00bb#ffffff\u00bb global_colors_info=\u00bb{}\u00bb][\/et_pb_contact_field][\/et_pb_contact_form][\/et_pb_column][et_pb_column type=\u00bb1_2&#8243; _builder_version=\u00bb4.16&#8243; _module_preset=\u00bbdefault\u00bb global_colors_info=\u00bb{}\u00bb][\/et_pb_column][\/et_pb_row][\/et_pb_section][et_pb_section fb_built=\u00bb1&#8243; _builder_version=\u00bb4.16&#8243; _module_preset=\u00bbdefault\u00bb saved_tabs=\u00bball\u00bb global_colors_info=\u00bb{}\u00bb][et_pb_row column_structure=\u00bb1_5,1_5,1_5,1_5,1_5&#8243; _builder_version=\u00bb4.16&#8243; _module_preset=\u00bbdefault\u00bb global_colors_info=\u00bb{}\u00bb][et_pb_column type=\u00bb1_5&#8243; _builder_version=\u00bb4.16&#8243; _module_preset=\u00bbdefault\u00bb global_colors_info=\u00bb{}\u00bb][et_pb_text _builder_version=\u00bb4.16&#8243; _module_preset=\u00bbdefault\u00bb header_6_font=\u00bb|||on|||||\u00bb header_6_font_size=\u00bb11px\u00bb border_width_bottom=\u00bb1px\u00bb border_color_bottom=\u00bb#F6901E\u00bb global_colors_info=\u00bb{}\u00bb]<\/p>\n<h6>Jupiterorbis<\/h6>\n<p>[\/et_pb_text][et_pb_text _builder_version=\u00bb4.16&#8243; _module_preset=\u00bbdefault\u00bb text_font_size=\u00bb10px\u00bb text_line_height=\u00bb1.6em\u00bb custom_margin=\u00bb-11px|||||\u00bb global_colors_info=\u00bb{}\u00bb]<\/p>\n<p>Jupiterorbis es formada por un equipo con experiencia en el Mercado Nacional e Internacional,\u00a0 que le ayudar\u00e1 a encontrar la propiedad y la inversi\u00f3n perfecta.<\/p>\n<p>[\/et_pb_text][\/et_pb_column][et_pb_column type=\u00bb1_5&#8243; _builder_version=\u00bb4.16&#8243; _module_preset=\u00bbdefault\u00bb global_colors_info=\u00bb{}\u00bb][et_pb_text _builder_version=\u00bb4.16&#8243; _module_preset=\u00bbdefault\u00bb header_6_font=\u00bb|||on|||||\u00bb header_6_font_size=\u00bb11px\u00bb border_width_bottom=\u00bb1px\u00bb border_color_bottom=\u00bb#F6901E\u00bb global_colors_info=\u00bb{}\u00bb]<\/p>\n<h6>Recursos<\/h6>\n<p>[\/et_pb_text][et_pb_text _builder_version=\u00bb4.18.0&#8243; _module_preset=\u00bbdefault\u00bb text_font_size=\u00bb10px\u00bb text_line_height=\u00bb1.6em\u00bb custom_margin=\u00bb-11px|||||\u00bb hover_enabled=\u00bb0&#8243; global_colors_info=\u00bb{}\u00bb sticky_enabled=\u00bb0&#8243;]<\/p>\n<p><a href=\"https:\/\/jupiterorbis.pt\/es\/privacy-policy\/\">Pol\u00edtica de privacidad<\/a><a href=\"https:\/\/jupiterorbis.pt\/privacy-policy\/\"><\/a><\/p>\n<p>[\/et_pb_text][\/et_pb_column][et_pb_column type=\u00bb1_5&#8243; _builder_version=\u00bb4.16&#8243; _module_preset=\u00bbdefault\u00bb global_colors_info=\u00bb{}\u00bb][et_pb_text _builder_version=\u00bb4.16&#8243; _module_preset=\u00bbdefault\u00bb header_6_font=\u00bb|||on|||||\u00bb header_6_font_size=\u00bb11px\u00bb border_width_bottom=\u00bb1px\u00bb border_color_bottom=\u00bb#F6901E\u00bb global_colors_info=\u00bb{}\u00bb]<\/p>\n<h6>Contactos<\/h6>\n<p>[\/et_pb_text][et_pb_text _builder_version=\u00bb4.16&#8243; _module_preset=\u00bbdefault\u00bb text_font_size=\u00bb10px\u00bb text_line_height=\u00bb1.6em\u00bb custom_margin=\u00bb-11px|||||\u00bb global_colors_info=\u00bb{}\u00bb]<\/p>\n<p>+351 918 866 278<\/p>\n<p>geral@jupiterorbis.pt<\/p>\n<p>[\/et_pb_text][\/et_pb_column][et_pb_column type=\u00bb1_5&#8243; _builder_version=\u00bb4.16&#8243; _module_preset=\u00bbdefault\u00bb global_colors_info=\u00bb{}\u00bb][\/et_pb_column][et_pb_column type=\u00bb1_5&#8243; _builder_version=\u00bb4.16&#8243; _module_preset=\u00bbdefault\u00bb global_colors_info=\u00bb{}\u00bb][\/et_pb_column][\/et_pb_row][\/et_pb_section][et_pb_section fb_built=\u00bb1&#8243; _builder_version=\u00bb4.5.1&#8243; _module_preset=\u00bbdefault\u00bb custom_padding=\u00bb40px||19px|||\u00bb box_shadow_style=\u00bbpreset2&#8243; box_shadow_blur=\u00bb12px\u00bb global_module=\u00bb105&#8243; saved_tabs=\u00bball\u00bb global_colors_info=\u00bb{}\u00bb][et_pb_row column_structure=\u00bb1_2,1_2&#8243; _builder_version=\u00bb4.16&#8243; _module_preset=\u00bbdefault\u00bb width=\u00bb100%\u00bb max_width=\u00bb1300px\u00bb custom_padding=\u00bb4px||0px|||\u00bb global_colors_info=\u00bb{}\u00bb][et_pb_column type=\u00bb1_2&#8243; _builder_version=\u00bb4.16&#8243; _module_preset=\u00bbdefault\u00bb global_colors_info=\u00bb{}\u00bb][et_pb_social_media_follow _builder_version=\u00bb4.16&#8243; _module_preset=\u00bbdefault\u00bb text_orientation=\u00bbleft\u00bb global_colors_info=\u00bb{}\u00bb][et_pb_social_media_follow_network social_network=\u00bbfacebook\u00bb icon_color=\u00bb#F6901E\u00bb use_icon_font_size=\u00bbon\u00bb icon_font_size=\u00bb13px\u00bb _builder_version=\u00bb4.16&#8243; _module_preset=\u00bbdefault\u00bb background_color=\u00bbrgba(0,0,0,0)\u00bb background_enable_color=\u00bbon\u00bb global_colors_info=\u00bb{}\u00bb follow_button=\u00bboff\u00bb url_new_window=\u00bbon\u00bb]facebook[\/et_pb_social_media_follow_network][et_pb_social_media_follow_network social_network=\u00bbinstagram\u00bb icon_color=\u00bb#F6901E\u00bb use_icon_font_size=\u00bbon\u00bb icon_font_size=\u00bb13px\u00bb _builder_version=\u00bb4.16&#8243; _module_preset=\u00bbdefault\u00bb background_color=\u00bbrgba(0,0,0,0)\u00bb background_enable_color=\u00bbon\u00bb global_colors_info=\u00bb{}\u00bb follow_button=\u00bboff\u00bb url_new_window=\u00bbon\u00bb]instagram[\/et_pb_social_media_follow_network][et_pb_social_media_follow_network social_network=\u00bblinkedin\u00bb icon_color=\u00bb#f48200&#8243; _builder_version=\u00bb4.16&#8243; _module_preset=\u00bbdefault\u00bb background_color=\u00bbrgba(0,0,0,0)\u00bb background_enable_color=\u00bbon\u00bb global_colors_info=\u00bb{}\u00bb follow_button=\u00bboff\u00bb url_new_window=\u00bbon\u00bb]linkedin[\/et_pb_social_media_follow_network][\/et_pb_social_media_follow][\/et_pb_column][et_pb_column type=\u00bb1_2&#8243; _builder_version=\u00bb4.16&#8243; _module_preset=\u00bbdefault\u00bb global_colors_info=\u00bb{}\u00bb][et_pb_text _builder_version=\u00bb4.16&#8243; _module_preset=\u00bbdefault\u00bb text_font_size=\u00bb9px\u00bb text_orientation=\u00bbright\u00bb global_colors_info=\u00bb{}\u00bb]<\/p>\n<p>Copyright\u00a0\u00a9 | Jupiterorbis\u00a0 2020<\/p>\n<p>[\/et_pb_text][\/et_pb_column][\/et_pb_row][\/et_pb_section]<\/p>\n","protected":false},"excerpt":{"rendered":"<p>SOCIOSPara servirlo mejor y ayudar a\u00a0 nuestros clientes nacionales y internacionales reunimos algunas empresas especializadas con pruebas \u00a0de experiencia, compet\u00eancia, seriedad y profisionalismo.WIKIBUILD S.A. es una empresa especialista en el sector de la Construcci\u00f3n Civil y sus variantes que acumula experiencia Know-How en sus mas distintas vertientes. \u00c1reas de actuaci\u00f3n: Retail \u2013 Mercado MinoristaOficinasIndustrialHosteler\u00eda y [&hellip;]<\/p>\n","protected":false},"author":1,"featured_media":0,"parent":0,"menu_order":0,"comment_status":"closed","ping_status":"closed","template":"","meta":{"_et_pb_use_builder":"on","_et_pb_old_content":"","_et_gb_content_width":""},"yoast_head":"<!-- This site is optimized with the Yoast SEO plugin v19.6 - https:\/\/yoast.com\/wordpress\/plugins\/seo\/ -->\n<title>Socios - JUPITERORBIS - Properties &amp; Investments<\/title>\n<meta name=\"robots\" content=\"index, follow, max-snippet:-1, max-image-preview:large, max-video-preview:-1\" \/>\n<link rel=\"canonical\" href=\"https:\/\/jupiterorbis.pt\/es\/socios\/\" \/>\n<meta property=\"og:locale\" content=\"es_ES\" \/>\n<meta property=\"og:type\" content=\"article\" \/>\n<meta property=\"og:title\" content=\"Socios - JUPITERORBIS - Properties &amp; Investments\" \/>\n<meta property=\"og:description\" content=\"SOCIOSPara servirlo mejor y ayudar a\u00a0 nuestros clientes nacionales y internacionales reunimos algunas empresas especializadas con pruebas \u00a0de experiencia, compet\u00eancia, seriedad y profisionalismo.WIKIBUILD S.A. es una empresa especialista en el sector de la Construcci\u00f3n Civil y sus variantes que acumula experiencia Know-How en sus mas distintas vertientes. \u00c1reas de actuaci\u00f3n: Retail \u2013 Mercado MinoristaOficinasIndustrialHosteler\u00eda y [&hellip;]\" \/>\n<meta property=\"og:url\" content=\"https:\/\/jupiterorbis.pt\/es\/socios\/\" \/>\n<meta property=\"og:site_name\" content=\"JUPITERORBIS - Properties &amp; Investments\" \/>\n<meta property=\"article:publisher\" content=\"https:\/\/www.facebook.com\/jupiterorbis\" \/>\n<meta property=\"article:modified_time\" content=\"2022-09-12T13:38:25+00:00\" \/>\n<meta name=\"twitter:card\" content=\"summary_large_image\" \/>\n<meta name=\"twitter:label1\" content=\"Tiempo de lectura\" \/>\n\t<meta name=\"twitter:data1\" content=\"10 minutos\" \/>\n<script type=\"application\/ld+json\" class=\"yoast-schema-graph\">{\"@context\":\"https:\/\/schema.org\",\"@graph\":[{\"@type\":\"WebPage\",\"@id\":\"https:\/\/jupiterorbis.pt\/es\/socios\/\",\"url\":\"https:\/\/jupiterorbis.pt\/es\/socios\/\",\"name\":\"Socios - JUPITERORBIS - Properties &amp; Investments\",\"isPartOf\":{\"@id\":\"https:\/\/jupiterorbis.pt\/#website\"},\"datePublished\":\"2020-08-03T17:17:41+00:00\",\"dateModified\":\"2022-09-12T13:38:25+00:00\",\"breadcrumb\":{\"@id\":\"https:\/\/jupiterorbis.pt\/es\/socios\/#breadcrumb\"},\"inLanguage\":\"es\",\"potentialAction\":[{\"@type\":\"ReadAction\",\"target\":[\"https:\/\/jupiterorbis.pt\/es\/socios\/\"]}]},{\"@type\":\"BreadcrumbList\",\"@id\":\"https:\/\/jupiterorbis.pt\/es\/socios\/#breadcrumb\",\"itemListElement\":[{\"@type\":\"ListItem\",\"position\":1,\"name\":\"In\u00edcio\",\"item\":\"https:\/\/jupiterorbis.pt\/\"},{\"@type\":\"ListItem\",\"position\":2,\"name\":\"Socios\"}]},{\"@type\":\"WebSite\",\"@id\":\"https:\/\/jupiterorbis.pt\/#website\",\"url\":\"https:\/\/jupiterorbis.pt\/\",\"name\":\"JUPITERORBIS - Properties &amp; Investments\",\"description\":\"O seu parceiro ideal na media\u00e7\u00e3o imobili\u00e1ria e consultoria.\",\"potentialAction\":[{\"@type\":\"SearchAction\",\"target\":{\"@type\":\"EntryPoint\",\"urlTemplate\":\"https:\/\/jupiterorbis.pt\/?s={search_term_string}\"},\"query-input\":\"required name=search_term_string\"}],\"inLanguage\":\"es\"}]}<\/script>\n<!-- \/ Yoast SEO plugin. -->","yoast_head_json":{"title":"Socios - JUPITERORBIS - Properties &amp; Investments","robots":{"index":"index","follow":"follow","max-snippet":"max-snippet:-1","max-image-preview":"max-image-preview:large","max-video-preview":"max-video-preview:-1"},"canonical":"https:\/\/jupiterorbis.pt\/es\/socios\/","og_locale":"es_ES","og_type":"article","og_title":"Socios - JUPITERORBIS - Properties &amp; Investments","og_description":"SOCIOSPara servirlo mejor y ayudar a\u00a0 nuestros clientes nacionales y internacionales reunimos algunas empresas especializadas con pruebas \u00a0de experiencia, compet\u00eancia, seriedad y profisionalismo.WIKIBUILD S.A. es una empresa especialista en el sector de la Construcci\u00f3n Civil y sus variantes que acumula experiencia Know-How en sus mas distintas vertientes. \u00c1reas de actuaci\u00f3n: Retail \u2013 Mercado MinoristaOficinasIndustrialHosteler\u00eda y [&hellip;]","og_url":"https:\/\/jupiterorbis.pt\/es\/socios\/","og_site_name":"JUPITERORBIS - Properties &amp; Investments","article_publisher":"https:\/\/www.facebook.com\/jupiterorbis","article_modified_time":"2022-09-12T13:38:25+00:00","twitter_card":"summary_large_image","twitter_misc":{"Tiempo de lectura":"10 minutos"},"schema":{"@context":"https:\/\/schema.org","@graph":[{"@type":"WebPage","@id":"https:\/\/jupiterorbis.pt\/es\/socios\/","url":"https:\/\/jupiterorbis.pt\/es\/socios\/","name":"Socios - JUPITERORBIS - Properties &amp; Investments","isPartOf":{"@id":"https:\/\/jupiterorbis.pt\/#website"},"datePublished":"2020-08-03T17:17:41+00:00","dateModified":"2022-09-12T13:38:25+00:00","breadcrumb":{"@id":"https:\/\/jupiterorbis.pt\/es\/socios\/#breadcrumb"},"inLanguage":"es","potentialAction":[{"@type":"ReadAction","target":["https:\/\/jupiterorbis.pt\/es\/socios\/"]}]},{"@type":"BreadcrumbList","@id":"https:\/\/jupiterorbis.pt\/es\/socios\/#breadcrumb","itemListElement":[{"@type":"ListItem","position":1,"name":"In\u00edcio","item":"https:\/\/jupiterorbis.pt\/"},{"@type":"ListItem","position":2,"name":"Socios"}]},{"@type":"WebSite","@id":"https:\/\/jupiterorbis.pt\/#website","url":"https:\/\/jupiterorbis.pt\/","name":"JUPITERORBIS - Properties &amp; Investments","description":"O seu parceiro ideal na media\u00e7\u00e3o imobili\u00e1ria e consultoria.","potentialAction":[{"@type":"SearchAction","target":{"@type":"EntryPoint","urlTemplate":"https:\/\/jupiterorbis.pt\/?s={search_term_string}"},"query-input":"required name=search_term_string"}],"inLanguage":"es"}]}},"_links":{"self":[{"href":"https:\/\/jupiterorbis.pt\/es\/wp-json\/wp\/v2\/pages\/504"}],"collection":[{"href":"https:\/\/jupiterorbis.pt\/es\/wp-json\/wp\/v2\/pages"}],"about":[{"href":"https:\/\/jupiterorbis.pt\/es\/wp-json\/wp\/v2\/types\/page"}],"author":[{"embeddable":true,"href":"https:\/\/jupiterorbis.pt\/es\/wp-json\/wp\/v2\/users\/1"}],"replies":[{"embeddable":true,"href":"https:\/\/jupiterorbis.pt\/es\/wp-json\/wp\/v2\/comments?post=504"}],"version-history":[{"count":9,"href":"https:\/\/jupiterorbis.pt\/es\/wp-json\/wp\/v2\/pages\/504\/revisions"}],"predecessor-version":[{"id":2773,"href":"https:\/\/jupiterorbis.pt\/es\/wp-json\/wp\/v2\/pages\/504\/revisions\/2773"}],"wp:attachment":[{"href":"https:\/\/jupiterorbis.pt\/es\/wp-json\/wp\/v2\/media?parent=504"}],"curies":[{"name":"wp","href":"https:\/\/api.w.org\/{rel}","templated":true}]}}