{"id":739,"date":"2020-08-28T10:51:44","date_gmt":"2020-08-28T10:51:44","guid":{"rendered":"https:\/\/jupiterorbis.pt\/?page_id=739"},"modified":"2022-09-12T13:44:03","modified_gmt":"2022-09-12T13:44:03","slug":"parceiros","status":"publish","type":"page","link":"https:\/\/jupiterorbis.pt\/en\/parceiros\/","title":{"rendered":"PARTNERS"},"content":{"rendered":"<p>[et_pb_section fb_built=&#8221;1&#8243; fullwidth=&#8221;on&#8221; _builder_version=&#8221;4.16&#8243; _module_preset=&#8221;default&#8221; custom_margin_tablet=&#8221;100px||||false|false&#8221; custom_margin_phone=&#8221;&#8221; custom_margin_last_edited=&#8221;on|tablet&#8221; global_colors_info=&#8221;{}&#8221;][et_pb_fullwidth_image src=&#8221;https:\/\/jupiterorbis.pt\/wp-content\/uploads\/2020\/07\/parceiros-header.jpg&#8221; title_text=&#8221;parceiros-header&#8221; _builder_version=&#8221;4.16&#8243; _module_preset=&#8221;default&#8221; global_colors_info=&#8221;{}&#8221;][\/et_pb_fullwidth_image][\/et_pb_section][et_pb_section fb_built=&#8221;1&#8243; admin_label=&#8221;Bem-vindo Modulo&#8221; _builder_version=&#8221;4.16&#8243; _module_preset=&#8221;default&#8221; custom_padding=&#8221;70px||17px|||&#8221; locked=&#8221;off&#8221; global_colors_info=&#8221;{}&#8221;][et_pb_row admin_label=&#8221;Bem-Vindo Texto&#8221; _builder_version=&#8221;4.16&#8243; _module_preset=&#8221;default&#8221; custom_padding=&#8221;||60px|||&#8221; global_colors_info=&#8221;{}&#8221;][et_pb_column type=&#8221;4_4&#8243; _builder_version=&#8221;4.16&#8243; _module_preset=&#8221;default&#8221; global_colors_info=&#8221;{}&#8221;][et_pb_text _builder_version=&#8221;4.16&#8243; _module_preset=&#8221;default&#8221; header_4_font=&#8221;Montserrat|600|||||||&#8221; header_4_text_align=&#8221;center&#8221; header_4_text_color=&#8221;#F6901E&#8221; header_5_font=&#8221;Montserrat|700|||||||&#8221; header_5_text_align=&#8221;center&#8221; header_5_text_color=&#8221;#F6901E&#8221; header_5_font_size=&#8221;11px&#8221; global_colors_info=&#8221;{}&#8221;]<\/p>\n<h5>PARTNERS<\/h5>\n<p>[\/et_pb_text][et_pb_text _builder_version=&#8221;4.16&#8243; _module_preset=&#8221;default&#8221; text_orientation=&#8221;center&#8221; width=&#8221;63%&#8221; module_alignment=&#8221;center&#8221; global_colors_info=&#8221;{}&#8221;]<\/p>\n<p>To serve you better and help our national and international clients, we have assembled some specialized companies with evidence of competence, seriousness and professionalism.<\/p>\n<p>[\/et_pb_text][\/et_pb_column][\/et_pb_row][et_pb_row column_structure=&#8221;1_3,1_3,1_3&#8243; use_custom_gutter=&#8221;on&#8221; gutter_width=&#8221;4&#8243; _builder_version=&#8221;4.16&#8243; _module_preset=&#8221;default&#8221; global_colors_info=&#8221;{}&#8221;][et_pb_column type=&#8221;1_3&#8243; _builder_version=&#8221;4.16&#8243; _module_preset=&#8221;default&#8221; global_colors_info=&#8221;{}&#8221;][et_pb_blurb title=&#8221;Wikibuild&#8221; image=&#8221;https:\/\/jupiterorbis.pt\/wp-content\/uploads\/2020\/07\/Group-350.png&#8221; _builder_version=&#8221;4.16&#8243; _module_preset=&#8221;default&#8221; custom_margin=&#8221;||32px|||&#8221; global_colors_info=&#8221;{}&#8221;]<\/p>\n<p>WIKIBUILD S.A, is a company specialized in the Civil Construction sector and its variants which accumulate Know-How experience in the most diverse aspects.<\/p>\n<p>Areas of expertise:<br \/>Retail<br \/>Offices<br \/>Industrial<br \/>Hotels and Restaurants<br \/>Trade and Services<br \/>Construction and Rehabilitation of Buildings<\/p>\n<p>[\/et_pb_blurb][et_pb_text _builder_version=&#8221;4.16&#8243; _module_preset=&#8221;default&#8221; header_font=&#8221;|||on|||||&#8221; header_4_font=&#8221;Montserrat|600|||||||&#8221; header_4_text_align=&#8221;center&#8221; header_4_text_color=&#8221;#F6901E&#8221; header_5_font=&#8221;Montserrat|700|||||||&#8221; header_5_text_align=&#8221;left&#8221; header_5_text_color=&#8221;#F6901E&#8221; header_5_font_size=&#8221;11px&#8221; custom_margin=&#8221;||12px|||&#8221; link_option_url=&#8221;wikibuild.pt&#8221; locked=&#8221;off&#8221; global_colors_info=&#8221;{}&#8221;]<\/p>\n<h5>wikibuild.pt<\/h5>\n<p>[\/et_pb_text][\/et_pb_column][et_pb_column type=&#8221;1_3&#8243; _builder_version=&#8221;4.16&#8243; _module_preset=&#8221;default&#8221; global_colors_info=&#8221;{}&#8221;][et_pb_blurb title=&#8221;Like a Partner&#8221; image=&#8221;https:\/\/jupiterorbis.pt\/wp-content\/uploads\/2020\/07\/Group-348.png&#8221; _builder_version=&#8221;4.16&#8243; _module_preset=&#8221;default&#8221; custom_margin=&#8221;||32px|||&#8221; global_colors_info=&#8221;{}&#8221;]<\/p>\n<p>Like a Partner is a Portuguese company that arose from the need to help the Portuguese business community. Our services are based on making plans and helping our clients to reach their financial goals.<\/p>\n<p>At Like a Partner our specialty is to grow your business, our consultants have extensive experience in franchising solutions, the ability to present the best solutions for your financial and expansion plans.<\/p>\n<p>We have the right approach to the market to grow your business.<\/p>\n<p>[\/et_pb_blurb][et_pb_text _builder_version=&#8221;4.16&#8243; _module_preset=&#8221;default&#8221; header_font=&#8221;|||on|||||&#8221; header_4_font=&#8221;Montserrat|600|||||||&#8221; header_4_text_align=&#8221;center&#8221; header_4_text_color=&#8221;#F6901E&#8221; header_5_font=&#8221;Montserrat|700|||||||&#8221; header_5_text_align=&#8221;left&#8221; header_5_text_color=&#8221;#F6901E&#8221; header_5_font_size=&#8221;11px&#8221; custom_margin=&#8221;||12px|||&#8221; link_option_url=&#8221;likeapartner.pt&#8221; locked=&#8221;off&#8221; global_colors_info=&#8221;{}&#8221;]<\/p>\n<h5>likeapartner.pt<\/h5>\n<p>[\/et_pb_text][\/et_pb_column][et_pb_column type=&#8221;1_3&#8243; _builder_version=&#8221;4.16&#8243; _module_preset=&#8221;default&#8221; global_colors_info=&#8221;{}&#8221;][et_pb_blurb title=&#8221;Sketology&#8221; image=&#8221;https:\/\/jupiterorbis.pt\/wp-content\/uploads\/2020\/07\/Group-349.png&#8221; _builder_version=&#8221;4.16&#8243; _module_preset=&#8221;default&#8221; custom_margin=&#8221;||32px|||&#8221; global_colors_info=&#8221;{}&#8221;]<\/p>\n<p>Sketology is a Creative Center that provides services such as Marketing, Advertising, Design &amp; Architecture. With a young team of \u201cRemoters\u201d, they offer a fresh and modern approach. They believe in fearless creativity, and know that great ideas can arise anywhere, so they travel all over the world in search of the latest trends, so that they can thus offer targeted and innovative solutions.<\/p>\n<p>[\/et_pb_blurb][et_pb_text _builder_version=&#8221;4.16&#8243; _module_preset=&#8221;default&#8221; header_font=&#8221;|||on|||||&#8221; header_4_font=&#8221;Montserrat|600|||||||&#8221; header_4_text_align=&#8221;center&#8221; header_4_text_color=&#8221;#F6901E&#8221; header_5_font=&#8221;Montserrat|700|||||||&#8221; header_5_text_align=&#8221;left&#8221; header_5_text_color=&#8221;#F6901E&#8221; header_5_font_size=&#8221;11px&#8221; custom_margin=&#8221;||12px|||&#8221; link_option_url=&#8221;sketology.pt&#8221; locked=&#8221;off&#8221; global_colors_info=&#8221;{}&#8221;]<\/p>\n<h5>sketology.pt<\/h5>\n<p>[\/et_pb_text][\/et_pb_column][\/et_pb_row][et_pb_row column_structure=&#8221;1_3,1_3,1_3&#8243; use_custom_gutter=&#8221;on&#8221; gutter_width=&#8221;4&#8243; _builder_version=&#8221;4.16&#8243; _module_preset=&#8221;default&#8221; global_colors_info=&#8221;{}&#8221;][et_pb_column type=&#8221;1_3&#8243; _builder_version=&#8221;4.16&#8243; _module_preset=&#8221;default&#8221; global_colors_info=&#8221;{}&#8221;][\/et_pb_column][et_pb_column type=&#8221;1_3&#8243; _builder_version=&#8221;4.16&#8243; _module_preset=&#8221;default&#8221; global_colors_info=&#8221;{}&#8221;][\/et_pb_column][et_pb_column type=&#8221;1_3&#8243; _builder_version=&#8221;4.16&#8243; _module_preset=&#8221;default&#8221; global_colors_info=&#8221;{}&#8221;][\/et_pb_column][\/et_pb_row][\/et_pb_section][et_pb_section fb_built=&#8221;1&#8243; _builder_version=&#8221;4.16&#8243; _module_preset=&#8221;default&#8221; background_image=&#8221;https:\/\/jupiterorbis.pt\/wp-content\/uploads\/2020\/07\/homepage-newsletter.png&#8221; background_position=&#8221;top_center&#8221; background_color_tablet=&#8221;#003049&#8243; background_last_edited=&#8221;on|desktop&#8221; background_enable_color_tablet=&#8221;on&#8221; background_enable_image_tablet=&#8221;off&#8221; global_colors_info=&#8221;{}&#8221;][et_pb_row column_structure=&#8221;1_2,1_2&#8243; _builder_version=&#8221;4.16&#8243; _module_preset=&#8221;default&#8221; custom_margin=&#8221;68px|auto||auto||&#8221; custom_padding=&#8221;||8px|||&#8221; global_colors_info=&#8221;{}&#8221;][et_pb_column type=&#8221;1_2&#8243; _builder_version=&#8221;4.16&#8243; _module_preset=&#8221;default&#8221; global_colors_info=&#8221;{}&#8221;][et_pb_text _builder_version=&#8221;4.16&#8243; _module_preset=&#8221;default&#8221; header_font=&#8221;|||on|||||&#8221; header_4_font=&#8221;Montserrat|600|||||||&#8221; header_4_text_align=&#8221;center&#8221; header_4_text_color=&#8221;#F6901E&#8221; header_5_font=&#8221;Montserrat|700||on|||||&#8221; header_5_text_align=&#8221;left&#8221; header_5_text_color=&#8221;#F6901E&#8221; header_5_font_size=&#8221;11px&#8221; custom_margin=&#8221;||12px|||&#8221; global_colors_info=&#8221;{}&#8221;]<\/p>\n<h5>Newsletter<\/h5>\n<p>[\/et_pb_text][et_pb_text _builder_version=&#8221;4.16&#8243; _module_preset=&#8221;default&#8221; text_text_color=&#8221;#ffffff&#8221; header_text_color=&#8221;#ffffff&#8221; header_line_height=&#8221;1.1em&#8221; global_colors_info=&#8221;{}&#8221;]<\/p>\n<h1>Stay informed on the latest news<\/h1>\n<p>Send us your email and be updated of the news we have for you.<\/p>\n<p>[\/et_pb_text][et_pb_contact_form captcha=&#8221;off&#8221; email=&#8221;geral@jupiterorbis.pt&#8221; custom_message=&#8221;Ol\u00e1, ||et_pb_line_break_holder||||et_pb_line_break_holder||Este utilizador acabou de aderir \u00e0 Newsletter.||et_pb_line_break_holder||||et_pb_line_break_holder||Obrigado!&#8221; success_message=&#8221;Thank you!&#8221; submit_button_text=&#8221;Send&#8221; _builder_version=&#8221;4.16&#8243; _module_preset=&#8221;default&#8221; _unique_id=&#8221;f8d0e633-fc0b-493d-8045-2fc672770e88&#8243; custom_button=&#8221;on&#8221; button_text_size=&#8221;12px&#8221; button_text_color=&#8221;#ffffff&#8221; button_bg_color=&#8221;#F6901E&#8221; button_border_width=&#8221;0px&#8221; button_border_radius=&#8221;3px&#8221; button_font=&#8221;Montserrat|700|||||||&#8221; button_use_icon=&#8221;off&#8221; button_custom_margin=&#8221;5px||||false|false&#8221; button_custom_padding=&#8221;8px|16px|8px|16px|true|true&#8221; border_radii=&#8221;on|3px|3px|3px|3px&#8221; global_colors_info=&#8221;{}&#8221; form_field_text_color__hover_enabled=&#8221;off|desktop&#8221; button_text_color__hover=&#8221;#F6901E&#8221; button_text_color__hover_enabled=&#8221;on|desktop&#8221; button_bg_color__hover=&#8221;#ffffff&#8221; button_bg_color__hover_enabled=&#8221;on|desktop&#8221;][et_pb_contact_field field_id=&#8221;Email&#8221; field_title=&#8221;Email&#8221; field_type=&#8221;email&#8221; fullwidth_field=&#8221;on&#8221; _builder_version=&#8221;4.16&#8243; global_colors_info=&#8221;{}&#8221; button_text_size__hover_enabled=&#8221;off&#8221; button_one_text_size__hover_enabled=&#8221;off&#8221; button_two_text_size__hover_enabled=&#8221;off&#8221; button_text_color__hover_enabled=&#8221;off&#8221; button_one_text_color__hover_enabled=&#8221;off&#8221; button_two_text_color__hover_enabled=&#8221;off&#8221; button_border_width__hover_enabled=&#8221;off&#8221; button_one_border_width__hover_enabled=&#8221;off&#8221; button_two_border_width__hover_enabled=&#8221;off&#8221; button_border_color__hover_enabled=&#8221;off&#8221; button_one_border_color__hover_enabled=&#8221;off&#8221; button_two_border_color__hover_enabled=&#8221;off&#8221; button_border_radius__hover_enabled=&#8221;off&#8221; button_one_border_radius__hover_enabled=&#8221;off&#8221; button_two_border_radius__hover_enabled=&#8221;off&#8221; button_letter_spacing__hover_enabled=&#8221;off&#8221; button_one_letter_spacing__hover_enabled=&#8221;off&#8221; button_two_letter_spacing__hover_enabled=&#8221;off&#8221; button_bg_color__hover_enabled=&#8221;off&#8221; button_one_bg_color__hover_enabled=&#8221;off&#8221; button_two_bg_color__hover_enabled=&#8221;off&#8221;][\/et_pb_contact_field][et_pb_contact_field field_id=&#8221;Field_5&#8243; field_type=&#8221;checkbox&#8221; checkbox_options=&#8221;%91{%22value%22:%22I have read and agreed with the %22,%22checked%22:0,%22dragID%22:-1,%22link_url%22:%22https:\/\/jupiterorbis.pt\/en\/privacy-policy\/%22,%22link_text%22:%22Privacy Policy.%22}%93&#8243; fullwidth_field=&#8221;on&#8221; _builder_version=&#8221;4.16&#8243; _module_preset=&#8221;default&#8221; form_field_background_color=&#8221;rgba(255,255,255,0.45)&#8221; form_field_text_color=&#8221;#ffffff&#8221; global_colors_info=&#8221;{}&#8221;][\/et_pb_contact_field][\/et_pb_contact_form][\/et_pb_column][et_pb_column type=&#8221;1_2&#8243; _builder_version=&#8221;4.16&#8243; _module_preset=&#8221;default&#8221; global_colors_info=&#8221;{}&#8221;][\/et_pb_column][\/et_pb_row][\/et_pb_section][et_pb_section fb_built=&#8221;1&#8243; _builder_version=&#8221;4.16&#8243; _module_preset=&#8221;default&#8221; saved_tabs=&#8221;all&#8221; global_colors_info=&#8221;{}&#8221;][et_pb_row column_structure=&#8221;1_5,1_5,1_5,1_5,1_5&#8243; _builder_version=&#8221;4.16&#8243; _module_preset=&#8221;default&#8221; global_colors_info=&#8221;{}&#8221;][et_pb_column type=&#8221;1_5&#8243; _builder_version=&#8221;4.16&#8243; _module_preset=&#8221;default&#8221; global_colors_info=&#8221;{}&#8221;][et_pb_text _builder_version=&#8221;4.16&#8243; _module_preset=&#8221;default&#8221; header_6_font=&#8221;|||on|||||&#8221; header_6_font_size=&#8221;11px&#8221; border_width_bottom=&#8221;1px&#8221; border_color_bottom=&#8221;#F6901E&#8221; global_colors_info=&#8221;{}&#8221;]<\/p>\n<h6>Jupiterorbis<\/h6>\n<p>[\/et_pb_text][et_pb_text _builder_version=&#8221;4.16&#8243; _module_preset=&#8221;default&#8221; text_font_size=&#8221;10px&#8221; text_line_height=&#8221;1.6em&#8221; custom_margin=&#8221;-11px|||||&#8221; global_colors_info=&#8221;{}&#8221;]<\/p>\n<p>Jupiterorbis is made up of an experienced team in the National and International Market, which will help you find the perfect property and investment. <\/p>\n<p>[\/et_pb_text][\/et_pb_column][et_pb_column type=&#8221;1_5&#8243; _builder_version=&#8221;4.16&#8243; _module_preset=&#8221;default&#8221; global_colors_info=&#8221;{}&#8221;][et_pb_text _builder_version=&#8221;4.16&#8243; _module_preset=&#8221;default&#8221; header_6_font=&#8221;|||on|||||&#8221; header_6_font_size=&#8221;11px&#8221; border_width_bottom=&#8221;1px&#8221; border_color_bottom=&#8221;#F6901E&#8221; global_colors_info=&#8221;{}&#8221;]<\/p>\n<h6 class=\"tw-data-text tw-text-large XcVN5d tw-ta\" data-placeholder=\"Tradu\u00e7\u00e3o\" id=\"tw-target-text\" dir=\"ltr\"><span lang=\"en\">Resources<\/span><\/h6>\n<p>[\/et_pb_text][et_pb_text _builder_version=&#8221;4.18.0&#8243; _module_preset=&#8221;default&#8221; text_font_size=&#8221;10px&#8221; text_line_height=&#8221;1.6em&#8221; custom_margin=&#8221;-11px|||||&#8221; hover_enabled=&#8221;0&#8243; global_colors_info=&#8221;{}&#8221; sticky_enabled=&#8221;0&#8243;]<\/p>\n<p><a href=\"https:\/\/jupiterorbis.pt\/en\/privacy-policy\/\">Privacy Policy<\/a><a href=\"https:\/\/jupiterorbis.pt\/en\/privacy-policy\/\"><\/a><\/p>\n<p>[\/et_pb_text][\/et_pb_column][et_pb_column type=&#8221;1_5&#8243; _builder_version=&#8221;4.16&#8243; _module_preset=&#8221;default&#8221; global_colors_info=&#8221;{}&#8221;][et_pb_text _builder_version=&#8221;4.16&#8243; _module_preset=&#8221;default&#8221; header_6_font=&#8221;|||on|||||&#8221; header_6_font_size=&#8221;11px&#8221; border_width_bottom=&#8221;1px&#8221; border_color_bottom=&#8221;#F6901E&#8221; global_colors_info=&#8221;{}&#8221;]<\/p>\n<h6>Contacts<\/h6>\n<p>[\/et_pb_text][et_pb_text _builder_version=&#8221;4.16&#8243; _module_preset=&#8221;default&#8221; text_font_size=&#8221;10px&#8221; text_line_height=&#8221;1.6em&#8221; custom_margin=&#8221;-11px|||||&#8221; global_colors_info=&#8221;{}&#8221;]+351 918 866 278<\/p>\n<p>geral@jupiterorbis.pt[\/et_pb_text][\/et_pb_column][et_pb_column type=&#8221;1_5&#8243; _builder_version=&#8221;4.16&#8243; _module_preset=&#8221;default&#8221; global_colors_info=&#8221;{}&#8221;][\/et_pb_column][et_pb_column type=&#8221;1_5&#8243; _builder_version=&#8221;4.16&#8243; _module_preset=&#8221;default&#8221; global_colors_info=&#8221;{}&#8221;][\/et_pb_column][\/et_pb_row][\/et_pb_section][et_pb_section fb_built=&#8221;1&#8243; _builder_version=&#8221;4.16&#8243; _module_preset=&#8221;default&#8221; custom_padding=&#8221;40px||19px|||&#8221; box_shadow_style=&#8221;preset2&#8243; box_shadow_blur=&#8221;12px&#8221; saved_tabs=&#8221;all&#8221; global_colors_info=&#8221;{}&#8221;][et_pb_row column_structure=&#8221;1_2,1_2&#8243; make_equal=&#8221;on&#8221; custom_padding_last_edited=&#8221;on|tablet&#8221; _builder_version=&#8221;4.16&#8243; _module_preset=&#8221;default&#8221; width=&#8221;100%&#8221; width_tablet=&#8221;80%&#8221; width_phone=&#8221;&#8221; width_last_edited=&#8221;on|phone&#8221; max_width=&#8221;1300px&#8221; custom_padding=&#8221;4px||0px|||&#8221; custom_padding_tablet=&#8221;&#8221; custom_padding_phone=&#8221;&#8221; global_colors_info=&#8221;{}&#8221;][et_pb_column type=&#8221;1_2&#8243; _builder_version=&#8221;4.16&#8243; _module_preset=&#8221;default&#8221; global_colors_info=&#8221;{}&#8221;][et_pb_social_media_follow _builder_version=&#8221;4.16&#8243; _module_preset=&#8221;default&#8221; text_orientation=&#8221;left&#8221; global_colors_info=&#8221;{}&#8221;][et_pb_social_media_follow_network social_network=&#8221;facebook&#8221; icon_color=&#8221;#F6901E&#8221; use_icon_font_size=&#8221;on&#8221; icon_font_size=&#8221;13px&#8221; _builder_version=&#8221;4.16&#8243; _module_preset=&#8221;default&#8221; background_color=&#8221;rgba(0,0,0,0)&#8221; background_enable_color=&#8221;on&#8221; global_colors_info=&#8221;{}&#8221; follow_button=&#8221;off&#8221; url_new_window=&#8221;on&#8221;]facebook[\/et_pb_social_media_follow_network][et_pb_social_media_follow_network social_network=&#8221;instagram&#8221; icon_color=&#8221;#F6901E&#8221; use_icon_font_size=&#8221;on&#8221; icon_font_size=&#8221;13px&#8221; _builder_version=&#8221;4.16&#8243; _module_preset=&#8221;default&#8221; background_color=&#8221;rgba(0,0,0,0)&#8221; background_enable_color=&#8221;on&#8221; global_colors_info=&#8221;{}&#8221; follow_button=&#8221;off&#8221; url_new_window=&#8221;on&#8221;]instagram[\/et_pb_social_media_follow_network][et_pb_social_media_follow_network social_network=&#8221;linkedin&#8221; icon_color=&#8221;#f48200&#8243; _builder_version=&#8221;4.16&#8243; _module_preset=&#8221;default&#8221; background_color=&#8221;rgba(0,0,0,0)&#8221; background_enable_color=&#8221;on&#8221; global_colors_info=&#8221;{}&#8221; follow_button=&#8221;off&#8221; url_new_window=&#8221;on&#8221;]linkedin[\/et_pb_social_media_follow_network][\/et_pb_social_media_follow][\/et_pb_column][et_pb_column type=&#8221;1_2&#8243; _builder_version=&#8221;4.16&#8243; _module_preset=&#8221;default&#8221; global_colors_info=&#8221;{}&#8221;][et_pb_text _builder_version=&#8221;4.16&#8243; _module_preset=&#8221;default&#8221; text_font_size=&#8221;9px&#8221; text_orientation=&#8221;right&#8221; custom_margin_tablet=&#8221;-68px||||false|false&#8221; custom_margin_phone=&#8221;&#8221; custom_margin_last_edited=&#8221;on|phone&#8221; global_colors_info=&#8221;{}&#8221;]Copyright&nbsp;\u00a9 | Jupiterorbis&nbsp; 2020[\/et_pb_text][\/et_pb_column][\/et_pb_row][\/et_pb_section]<\/p>\n","protected":false},"excerpt":{"rendered":"<p>PARTNERSTo serve you better and help our national and international clients, we have assembled some specialized companies with evidence of competence, seriousness and professionalism.WIKIBUILD S.A, is a company specialized in the Civil Construction sector and its variants which accumulate Know-How experience in the most diverse aspects. Areas of expertise:RetailOfficesIndustrialHotels and RestaurantsTrade and ServicesConstruction and Rehabilitation [&hellip;]<\/p>\n","protected":false},"author":1,"featured_media":0,"parent":0,"menu_order":0,"comment_status":"closed","ping_status":"closed","template":"","meta":{"_et_pb_use_builder":"on","_et_pb_old_content":"","_et_gb_content_width":""},"yoast_head":"<!-- This site is optimized with the Yoast SEO plugin v19.6 - https:\/\/yoast.com\/wordpress\/plugins\/seo\/ -->\n<title>PARTNERS - JUPITERORBIS - Properties &amp; Investments<\/title>\n<meta name=\"robots\" content=\"index, follow, max-snippet:-1, max-image-preview:large, max-video-preview:-1\" \/>\n<link rel=\"canonical\" href=\"https:\/\/jupiterorbis.pt\/en\/parceiros\/\" \/>\n<meta property=\"og:locale\" content=\"en_US\" \/>\n<meta property=\"og:type\" content=\"article\" \/>\n<meta property=\"og:title\" content=\"PARTNERS - JUPITERORBIS - Properties &amp; Investments\" \/>\n<meta property=\"og:description\" content=\"PARTNERSTo serve you better and help our national and international clients, we have assembled some specialized companies with evidence of competence, seriousness and professionalism.WIKIBUILD S.A, is a company specialized in the Civil Construction sector and its variants which accumulate Know-How experience in the most diverse aspects. Areas of expertise:RetailOfficesIndustrialHotels and RestaurantsTrade and ServicesConstruction and Rehabilitation [&hellip;]\" \/>\n<meta property=\"og:url\" content=\"https:\/\/jupiterorbis.pt\/en\/parceiros\/\" \/>\n<meta property=\"og:site_name\" content=\"JUPITERORBIS - Properties &amp; Investments\" \/>\n<meta property=\"article:publisher\" content=\"https:\/\/www.facebook.com\/jupiterorbis\" \/>\n<meta property=\"article:modified_time\" content=\"2022-09-12T13:44:03+00:00\" \/>\n<meta name=\"twitter:card\" content=\"summary_large_image\" \/>\n<meta name=\"twitter:label1\" content=\"Est. reading time\" \/>\n\t<meta name=\"twitter:data1\" content=\"10 minutes\" \/>\n<script type=\"application\/ld+json\" class=\"yoast-schema-graph\">{\"@context\":\"https:\/\/schema.org\",\"@graph\":[{\"@type\":\"WebPage\",\"@id\":\"https:\/\/jupiterorbis.pt\/en\/parceiros\/\",\"url\":\"https:\/\/jupiterorbis.pt\/en\/parceiros\/\",\"name\":\"PARTNERS - JUPITERORBIS - Properties &amp; Investments\",\"isPartOf\":{\"@id\":\"https:\/\/jupiterorbis.pt\/#website\"},\"datePublished\":\"2020-08-28T10:51:44+00:00\",\"dateModified\":\"2022-09-12T13:44:03+00:00\",\"breadcrumb\":{\"@id\":\"https:\/\/jupiterorbis.pt\/en\/parceiros\/#breadcrumb\"},\"inLanguage\":\"en-US\",\"potentialAction\":[{\"@type\":\"ReadAction\",\"target\":[\"https:\/\/jupiterorbis.pt\/en\/parceiros\/\"]}]},{\"@type\":\"BreadcrumbList\",\"@id\":\"https:\/\/jupiterorbis.pt\/en\/parceiros\/#breadcrumb\",\"itemListElement\":[{\"@type\":\"ListItem\",\"position\":1,\"name\":\"In\u00edcio\",\"item\":\"https:\/\/jupiterorbis.pt\/\"},{\"@type\":\"ListItem\",\"position\":2,\"name\":\"PARTNERS\"}]},{\"@type\":\"WebSite\",\"@id\":\"https:\/\/jupiterorbis.pt\/#website\",\"url\":\"https:\/\/jupiterorbis.pt\/\",\"name\":\"JUPITERORBIS - Properties &amp; Investments\",\"description\":\"O seu parceiro ideal na media\u00e7\u00e3o imobili\u00e1ria e consultoria.\",\"potentialAction\":[{\"@type\":\"SearchAction\",\"target\":{\"@type\":\"EntryPoint\",\"urlTemplate\":\"https:\/\/jupiterorbis.pt\/?s={search_term_string}\"},\"query-input\":\"required name=search_term_string\"}],\"inLanguage\":\"en-US\"}]}<\/script>\n<!-- \/ Yoast SEO plugin. -->","yoast_head_json":{"title":"PARTNERS - JUPITERORBIS - Properties &amp; Investments","robots":{"index":"index","follow":"follow","max-snippet":"max-snippet:-1","max-image-preview":"max-image-preview:large","max-video-preview":"max-video-preview:-1"},"canonical":"https:\/\/jupiterorbis.pt\/en\/parceiros\/","og_locale":"en_US","og_type":"article","og_title":"PARTNERS - JUPITERORBIS - Properties &amp; Investments","og_description":"PARTNERSTo serve you better and help our national and international clients, we have assembled some specialized companies with evidence of competence, seriousness and professionalism.WIKIBUILD S.A, is a company specialized in the Civil Construction sector and its variants which accumulate Know-How experience in the most diverse aspects. Areas of expertise:RetailOfficesIndustrialHotels and RestaurantsTrade and ServicesConstruction and Rehabilitation [&hellip;]","og_url":"https:\/\/jupiterorbis.pt\/en\/parceiros\/","og_site_name":"JUPITERORBIS - Properties &amp; Investments","article_publisher":"https:\/\/www.facebook.com\/jupiterorbis","article_modified_time":"2022-09-12T13:44:03+00:00","twitter_card":"summary_large_image","twitter_misc":{"Est. reading time":"10 minutes"},"schema":{"@context":"https:\/\/schema.org","@graph":[{"@type":"WebPage","@id":"https:\/\/jupiterorbis.pt\/en\/parceiros\/","url":"https:\/\/jupiterorbis.pt\/en\/parceiros\/","name":"PARTNERS - JUPITERORBIS - Properties &amp; Investments","isPartOf":{"@id":"https:\/\/jupiterorbis.pt\/#website"},"datePublished":"2020-08-28T10:51:44+00:00","dateModified":"2022-09-12T13:44:03+00:00","breadcrumb":{"@id":"https:\/\/jupiterorbis.pt\/en\/parceiros\/#breadcrumb"},"inLanguage":"en-US","potentialAction":[{"@type":"ReadAction","target":["https:\/\/jupiterorbis.pt\/en\/parceiros\/"]}]},{"@type":"BreadcrumbList","@id":"https:\/\/jupiterorbis.pt\/en\/parceiros\/#breadcrumb","itemListElement":[{"@type":"ListItem","position":1,"name":"In\u00edcio","item":"https:\/\/jupiterorbis.pt\/"},{"@type":"ListItem","position":2,"name":"PARTNERS"}]},{"@type":"WebSite","@id":"https:\/\/jupiterorbis.pt\/#website","url":"https:\/\/jupiterorbis.pt\/","name":"JUPITERORBIS - Properties &amp; Investments","description":"O seu parceiro ideal na media\u00e7\u00e3o imobili\u00e1ria e consultoria.","potentialAction":[{"@type":"SearchAction","target":{"@type":"EntryPoint","urlTemplate":"https:\/\/jupiterorbis.pt\/?s={search_term_string}"},"query-input":"required name=search_term_string"}],"inLanguage":"en-US"}]}},"_links":{"self":[{"href":"https:\/\/jupiterorbis.pt\/en\/wp-json\/wp\/v2\/pages\/739"}],"collection":[{"href":"https:\/\/jupiterorbis.pt\/en\/wp-json\/wp\/v2\/pages"}],"about":[{"href":"https:\/\/jupiterorbis.pt\/en\/wp-json\/wp\/v2\/types\/page"}],"author":[{"embeddable":true,"href":"https:\/\/jupiterorbis.pt\/en\/wp-json\/wp\/v2\/users\/1"}],"replies":[{"embeddable":true,"href":"https:\/\/jupiterorbis.pt\/en\/wp-json\/wp\/v2\/comments?post=739"}],"version-history":[{"count":8,"href":"https:\/\/jupiterorbis.pt\/en\/wp-json\/wp\/v2\/pages\/739\/revisions"}],"predecessor-version":[{"id":2785,"href":"https:\/\/jupiterorbis.pt\/en\/wp-json\/wp\/v2\/pages\/739\/revisions\/2785"}],"wp:attachment":[{"href":"https:\/\/jupiterorbis.pt\/en\/wp-json\/wp\/v2\/media?parent=739"}],"curies":[{"name":"wp","href":"https:\/\/api.w.org\/{rel}","templated":true}]}}